{"id":2589,"date":"2019-09-03T10:18:04","date_gmt":"2019-09-03T09:18:04","guid":{"rendered":"https:\/\/trend.agency\/domains\/everythingibiza.com\/\/?page_id=2589"},"modified":"2019-09-03T10:18:04","modified_gmt":"2019-09-03T09:18:04","slug":"homebuying-tips","status":"publish","type":"page","link":"https:\/\/www.everythingibiza.com\/de\/homebuying-tips\/","title":{"rendered":"Tipps zum Eigenheimkauf"},"content":{"rendered":"<p><img decoding=\"async\" src=\"https:\/\/www.everythingibiza.com\/wp-content\/uploads\/2019\/11\/MG_8294-copia.jpg\" alt=\"_MG_8294 copia\" \/><\/p>\n<h5><\/h5>\n<h2>Hauskauf<\/h2>\n<h2>Tipps auf Ibiza<\/h2>\n<p>Heutzutage k\u00f6nnen viele Menschen ihren Traum vom Kauf einer Immobilie auf Ibiza verwirklichen. Dank der stark verbesserten Flug- und Schiffsverbindungen ist die Reise auf die Wei\u00dfe Insel auch in den Wintermonaten schnell und einfach, wenn die Tage im Norden kurz und dunkel sind, w\u00e4hrend hier auf Ibiza fast das ganze Jahr \u00fcber die Sonne scheint.<\/p>\n<p>Der Immobilienmarkt auf Ibiza bietet alles, wovon man tr\u00e4umen kann, von romantischen Landh\u00e4usern und Luxusvillen bis hin zu einfachen Wohnungen. Wenn Sie das Haus Ihrer Tr\u00e4ume gefunden haben, ist es wichtig, bei der Vertragsunterzeichnung den gesunden Menschenverstand nicht au\u00dfer Acht zu lassen. Hier auf Ibiza, wo viele K\u00e4ufer aus dem Ausland kommen und mit den Gesetzen und der Sprache nicht vertraut sind, ist es eine gute Idee, sich von einem unabh\u00e4ngigen Experten beraten zu lassen. Damit meinen wir echte Fachleute und nicht den Besserwisser, den Sie in der \u00f6rtlichen Bar getroffen haben und der beim letzten Bier, das er Ihnen gerade spendiert hat, mit seiner langj\u00e4hrigen Erfahrung auf der Insel prahlt.<\/p>\n<p><strong>Hier sind die wichtigsten Punkte, die beim Kauf einer Immobilie auf Ibiza beachtet werden sollten:<\/strong><\/p>\n<p><b>\u00a0<\/b><\/p>\n<ul>\n<li>- Der erste Schritt besteht darin, beim Grundbuchamt zu \u00fcberpr\u00fcfen, ob der Verk\u00e4ufer tats\u00e4chlich als Eigent\u00fcmer der Immobilie eingetragen ist. Dies mag einigen unserer Leser seltsam erscheinen, aber in Spanien ist es im Gegensatz zu anderen europ\u00e4ischen L\u00e4ndern obligatorisch, den Kauf einer Immobilie vor einem Notar zu beurkunden und ins Grundbuch einzutragen. Um jedoch volle Rechtssicherheit zu gew\u00e4hrleisten, empfehlen wir allen K\u00e4ufern dringend, den Kauf mit einer notariellen Beglaubigung zu formalisieren und beim Grundbuchamt eintragen zu lassen.<\/li>\n<\/ul>\n<ul>\n<li><\/li>\n<li>- Bei der \u00dcberpr\u00fcfung des Registers m\u00fcssen Sie sich auch die Beschreibung der Immobilie genau ansehen. Ist mein Traumhaus, f\u00fcr das ich eine betr\u00e4chtliche Summe bezahle, mit allem, was dazugeh\u00f6rt, eingetragen? Ist die Gr\u00f6\u00dfe des Grundst\u00fccks korrekt angegeben, einschlie\u00dflich der bebauten Fl\u00e4che, des Pools, der Garage usw. Oder ist es als landwirtschaftliche Fl\u00e4che mit B\u00e4umen und einer Ruine darauf beschrieben. Oder vielleicht sind statt der 20.000 m2, die wir kaufen wollen, nur 5.000 m2 angegeben. Wenn die eingetragenen Angaben stark von den tats\u00e4chlichen Gegebenheiten abweichen, m\u00fcssen wir uns \u00fcberlegen, ob es sinnvoll ist, den Verk\u00e4ufer zu bitten, die Fehler zu korrigieren, was ein langwieriges und kostspieliges Verfahren sein kann, sofern es \u00fcberhaupt durchf\u00fchrbar ist.<\/li>\n<\/ul>\n<ul>\n<li><\/li>\n<li>- Neben dem Grundbuchamt sollten Sie auch das Kataster \u00fcberpr\u00fcfen. In Spanien ist das Kataster unabh\u00e4ngig vom Grundbuchamt, so dass die Eintr\u00e4ge in beiden h\u00e4ufig voneinander abweichen. Oft sind im Kataster noch die Vorbesitzer und bei l\u00e4ndlichen Grundst\u00fccken die gro\u00dfen urspr\u00fcnglichen Grundst\u00fccke, die jetzt aufgeteilt sind, eingetragen. Dies kann zu Komplikationen bei der Abgrenzung des Grundst\u00fccks und bei der Zahlung der Grundsteuer f\u00fchren.<\/li>\n<\/ul>\n<ul>\n<li><\/li>\n<li>- Aber Sie m\u00fcssen nicht nur im Grundbuch und im Kataster nachsehen, sondern es gibt noch weitere M\u00f6glichkeiten der \u00dcberpr\u00fcfung. Wenn es sich um eine neue Immobilie handelt, m\u00fcssen Sie pr\u00fcfen, ob die endg\u00fcltigen Bescheinigungen vorhanden sind und ob der Rat die Nutzungsbescheinigung ausgestellt hat. Andernfalls k\u00f6nnten Sie sp\u00e4ter Probleme bekommen.<\/li>\n<\/ul>\n<ul>\n<li><\/li>\n<li>- Beim Kauf einer Wohnung ist es ratsam, sich zu vergewissern, dass der Verk\u00e4ufer alle f\u00e4lligen Gemeinschaftsgeb\u00fchren und lokalen Steuern an die Gemeindeverwaltung gezahlt hat, da der neue Eigent\u00fcmer andernfalls daf\u00fcr haftet.<\/li>\n<\/ul>\n<ul>\n<li><\/li>\n<li>- Dar\u00fcber hinaus sollten Sie sich \u00fcber die Kosten und Steuern informieren, die mit dem Kauf einer Immobilie verbunden sind: Steuern auf die \u00dcbertragung von Immobilien, Kosten f\u00fcr die Eintragung in das Register, m\u00f6gliche Kapitalertragssteuer, um nur einige zu nennen.<\/li>\n<\/ul>\n<ul>\n<li><\/li>\n<li>- Auch wenn Sie vor dem Kauf einer Immobilie alle notwendigen Informationen zusammenstellen, k\u00f6nnen Sie nicht v\u00f6llig sicher sein, dass mit Ihrem Traumhaus in Zukunft keine Probleme auftreten. Sie k\u00f6nnen dieses Risiko jedoch auf ein Minimum reduzieren, wenn Sie den fachlichen Rat eines kompetenten Rechtsanwalts und eines amtlich zugelassenen Immobilienmaklers einholen.<\/li>\n<\/ul>\n<p><img decoding=\"async\" src=\"https:\/\/www.everythingibiza.com\/wp-content\/uploads\/2019\/08\/Artboard-35partners.jpg\" sizes=\"(max-width: 253px) 100vw, 253px\" srcset=\"https:\/\/www.everythingibiza.com\/wp-content\/uploads\/2019\/08\/Artboard-35partners.jpg 253w, https:\/\/www.everythingibiza.com\/wp-content\/uploads\/2019\/08\/Artboard-35partners-150x150.jpg 150w\" alt=\"\" width=\"253\" height=\"252\" \/><\/p>\n<h2>Immobilien zum Verkauf<\/h2>\n<p><img decoding=\"async\" src=\"https:\/\/www.everythingibiza.com\/wp-content\/uploads\/2019\/08\/Artboard-36partners.jpg\" sizes=\"(max-width: 253px) 100vw, 253px\" srcset=\"https:\/\/www.everythingibiza.com\/wp-content\/uploads\/2019\/08\/Artboard-36partners.jpg 253w, https:\/\/www.everythingibiza.com\/wp-content\/uploads\/2019\/08\/Artboard-36partners-150x150.jpg 150w\" alt=\"\" width=\"253\" height=\"252\" \/><\/p>\n<h2>Gewerbeimmobilien<\/h2>\n<p><img decoding=\"async\" src=\"https:\/\/www.everythingibiza.com\/wp-content\/uploads\/2019\/08\/Artboard-37partners.jpg\" sizes=\"(max-width: 253px) 100vw, 253px\" srcset=\"https:\/\/www.everythingibiza.com\/wp-content\/uploads\/2019\/08\/Artboard-37partners.jpg 253w, https:\/\/www.everythingibiza.com\/wp-content\/uploads\/2019\/08\/Artboard-37partners-150x150.jpg 150w\" alt=\"\" width=\"253\" height=\"252\" \/><\/p>\n<h2>Prestige-Sammlung<\/h2>\n<p><img decoding=\"async\" src=\"https:\/\/www.everythingibiza.com\/wp-content\/uploads\/2019\/08\/Artboard-38partners.jpg\" sizes=\"(max-width: 253px) 100vw, 253px\" srcset=\"https:\/\/www.everythingibiza.com\/wp-content\/uploads\/2019\/08\/Artboard-38partners.jpg 253w, https:\/\/www.everythingibiza.com\/wp-content\/uploads\/2019\/08\/Artboard-38partners-150x150.jpg 150w\" alt=\"\" width=\"253\" height=\"252\" \/><\/p>\n<h2>Ma\u00dfgeschneiderte Dienstleistungen<\/h2>\n<h2>Folgen Sie<\/h2>\n<h2>Wir auf instagram<\/h2>\n<p><a href=\"https:\/\/www.instagram.com\/p\/DL2y6OjtbOL\/\" target=\"_blank\" rel=\"noopener nofollow\" data-full-res=\"https:\/\/scontent-lhr6-1.cdninstagram.com\/v\/t51.82787-15\/517577766_18517002079032360_939246905303564847_n.jpg?stp=dst-jpg_e35_tt6&amp;_nc_cat=109&amp;ccb=1-7&amp;_nc_sid=18de74&amp;_nc_ohc=-x6yp4fv2bwQ7kNvwHlSqob&amp;_nc_oc=AdkpVJ_0b2mqy-rCr8tQZ4JXwgdgJvpPUMdbFS-TlP683lCROKA2lJCRbCx4KQzNl2o&amp;_nc_zt=23&amp;_nc_ht=scontent-lhr6-1.cdninstagram.com&amp;edm=ANo9K5cEAAAA&amp;_nc_gid=iLZNyiv2zgzwH_ongg9ivw&amp;oh=00_AfSBibPboTf6-e0OatgxJcuf7HrM0QayuQZ-H92wwA3t4Q&amp;oe=68770B4B\" data-img-src-set=\"{&quot;d&quot;:&quot;https:\/\/scontent-lhr6-1.cdninstagram.com\/v\/t51.82787-15\/517577766_18517002079032360_939246905303564847_n.jpg?stp=dst-jpg_e35_tt6&amp;_nc_cat=109&amp;ccb=1-7&amp;_nc_sid=18de74&amp;_nc_ohc=-x6yp4fv2bwQ7kNvwHlSqob&amp;_nc_oc=AdkpVJ_0b2mqy-rCr8tQZ4JXwgdgJvpPUMdbFS-TlP683lCROKA2lJCRbCx4KQzNl2o&amp;_nc_zt=23&amp;_nc_ht=scontent-lhr6-1.cdninstagram.com&amp;edm=ANo9K5cEAAAA&amp;_nc_gid=iLZNyiv2zgzwH_ongg9ivw&amp;oh=00_AfSBibPboTf6-e0OatgxJcuf7HrM0QayuQZ-H92wwA3t4Q&amp;oe=68770B4B&quot;,&quot;150&quot;:&quot;https:\/\/scontent-lhr6-1.cdninstagram.com\/v\/t51.82787-15\/517577766_18517002079032360_939246905303564847_n.jpg?stp=dst-jpg_e35_tt6&amp;_nc_cat=109&amp;ccb=1-7&amp;_nc_sid=18de74&amp;_nc_ohc=-x6yp4fv2bwQ7kNvwHlSqob&amp;_nc_oc=AdkpVJ_0b2mqy-rCr8tQZ4JXwgdgJvpPUMdbFS-TlP683lCROKA2lJCRbCx4KQzNl2o&amp;_nc_zt=23&amp;_nc_ht=scontent-lhr6-1.cdninstagram.com&amp;edm=ANo9K5cEAAAA&amp;_nc_gid=iLZNyiv2zgzwH_ongg9ivw&amp;oh=00_AfSBibPboTf6-e0OatgxJcuf7HrM0QayuQZ-H92wwA3t4Q&amp;oe=68770B4B&quot;,&quot;320&quot;:&quot;https:\/\/www.everythingibiza.com\/wp-content\/uploads\/sb-instagram-feed-images\/517577766_18517002079032360_939246905303564847_nlow.webp&quot;,&quot;640&quot;:&quot;https:\/\/www.everythingibiza.com\/wp-content\/uploads\/sb-instagram-feed-images\/517577766_18517002079032360_939246905303564847_nfull.webp&quot;}\"><br \/>\nGer\u00e4umige renovierte Villa mit G\u00e4stewohnung Set<\/a><\/p>\n<p><img decoding=\"async\" src=\"https:\/\/www.everythingibiza.com\/wp-content\/plugins\/instagram-feed\/img\/placeholder.png\" alt=\"Spacious Renovated Villa with Guest Apartment Set in Lush Peaceful Countryside \ud83d\udccd Cala Tarida, Sant Josep de sa Talaia A delightful, Mediterranean style villa situated on a private countryside plot of 1.600m2 in the western region of San Jose close to the picturesque bay of Cala Tarida, famed for its spectacular sunsets. Built in 1982 the gated property is constructed over 415m2 and is currently divided into independent units. Renovation was carried out in 2016 but the house would benefit from further cosmetic work throughout DM for Details \u00b7 \ud83d\udd11 Ref: 1791 \ud83d\udd11 Plot: 1,600 m2 \ud83d\udd11 House: 415 m2 \ud83d\udd11 Bed: 5 \ud83d\udd11 Bath: 4 \u00b7 \ud83c\udfe0 Guide Price: 1.750.000 \u20ac \u00b7 \ud83d\udc69\ud83c\udffc\u200d\ud83d\udcbb Get in touch with yvonne@everythingibiza.com \/ scarlett@everythingibiza.com \u260e\ufe0f (+34) 971 80 36 80 www.everythingibiza.com\" aria-hidden=\"true\" \/><\/p>\n<p><a href=\"https:\/\/www.instagram.com\/reel\/DLwxFPqtm2L\/\" target=\"_blank\" rel=\"noopener nofollow\" data-full-res=\"https:\/\/scontent-lhr6-1.cdninstagram.com\/v\/t51.71878-15\/515497478_1063897622014636_4158509969724373427_n.jpg?stp=dst-jpg_e35_tt6&amp;_nc_cat=110&amp;ccb=1-7&amp;_nc_sid=18de74&amp;_nc_ohc=5BaXE03rjAgQ7kNvwGF1PUw&amp;_nc_oc=AdmIjtne4Yx25dYlQ8V4t_oxE9uYijT4_co52yraRmzlXP8Y6PiH7ZVWr87iYtr7cvs&amp;_nc_zt=23&amp;_nc_ht=scontent-lhr6-1.cdninstagram.com&amp;edm=ANo9K5cEAAAA&amp;_nc_gid=iLZNyiv2zgzwH_ongg9ivw&amp;oh=00_AfR7oBJZ8WB4N9uoDxBlOhnSNIGrmsA6ichwJpvnqVSDdQ&amp;oe=68771650\" data-img-src-set=\"{&quot;d&quot;:&quot;https:\/\/scontent-lhr6-1.cdninstagram.com\/v\/t51.71878-15\/515497478_1063897622014636_4158509969724373427_n.jpg?stp=dst-jpg_e35_tt6&amp;_nc_cat=110&amp;ccb=1-7&amp;_nc_sid=18de74&amp;_nc_ohc=5BaXE03rjAgQ7kNvwGF1PUw&amp;_nc_oc=AdmIjtne4Yx25dYlQ8V4t_oxE9uYijT4_co52yraRmzlXP8Y6PiH7ZVWr87iYtr7cvs&amp;_nc_zt=23&amp;_nc_ht=scontent-lhr6-1.cdninstagram.com&amp;edm=ANo9K5cEAAAA&amp;_nc_gid=iLZNyiv2zgzwH_ongg9ivw&amp;oh=00_AfR7oBJZ8WB4N9uoDxBlOhnSNIGrmsA6ichwJpvnqVSDdQ&amp;oe=68771650&quot;,&quot;150&quot;:&quot;https:\/\/scontent-lhr6-1.cdninstagram.com\/v\/t51.71878-15\/515497478_1063897622014636_4158509969724373427_n.jpg?stp=dst-jpg_e35_tt6&amp;_nc_cat=110&amp;ccb=1-7&amp;_nc_sid=18de74&amp;_nc_ohc=5BaXE03rjAgQ7kNvwGF1PUw&amp;_nc_oc=AdmIjtne4Yx25dYlQ8V4t_oxE9uYijT4_co52yraRmzlXP8Y6PiH7ZVWr87iYtr7cvs&amp;_nc_zt=23&amp;_nc_ht=scontent-lhr6-1.cdninstagram.com&amp;edm=ANo9K5cEAAAA&amp;_nc_gid=iLZNyiv2zgzwH_ongg9ivw&amp;oh=00_AfR7oBJZ8WB4N9uoDxBlOhnSNIGrmsA6ichwJpvnqVSDdQ&amp;oe=68771650&quot;,&quot;320&quot;:&quot;https:\/\/www.everythingibiza.com\/wp-content\/uploads\/sb-instagram-feed-images\/515497478_1063897622014636_4158509969724373427_nlow.webp&quot;,&quot;640&quot;:&quot;https:\/\/www.everythingibiza.com\/wp-content\/uploads\/sb-instagram-feed-images\/515497478_1063897622014636_4158509969724373427_nfull.webp&quot;}\"><br \/>\n<img decoding=\"async\" src=\"https:\/\/www.everythingibiza.com\/wp-content\/plugins\/instagram-feed\/img\/placeholder.png\" alt=\"Feeling incredibly grateful for clients like Fae \ud83d\udc9b Thank you for trusting us with such a special chapter of your life. Your kind words mean the world and we are so happy we found your slice of heaven in Ibiza. Here\u2019s to new beginnings and beautiful memories in your new home \ud83c\udfe1\u2728 \ud83d\udc69\ud83c\udffc\u200d\ud83d\udcbb yvonne@everythingibiza.com \/ scarlett@everythingibiza.com \u260e\ufe0f (+34) 971 80 36 80 www.everythingibiza.com\" aria-hidden=\"true\" \/><br \/>\n<\/a><br \/>\n<a href=\"https:\/\/www.instagram.com\/p\/DLklo-Vt_v0\/\" target=\"_blank\" rel=\"noopener nofollow\" data-full-res=\"https:\/\/scontent-lhr6-1.cdninstagram.com\/v\/t51.82787-15\/514857488_18515682067032360_3154097103903351772_n.jpg?stp=dst-jpg_e35_tt6&amp;_nc_cat=109&amp;ccb=1-7&amp;_nc_sid=18de74&amp;_nc_ohc=UAwrYNC_H08Q7kNvwFK0TIC&amp;_nc_oc=Adl_DeymAK3I4Nxte19-ozvNAzYPmCRByDLAkcWXa-d52_VrYmzSPuUSnfO0uAL9-Jw&amp;_nc_zt=23&amp;_nc_ht=scontent-lhr6-1.cdninstagram.com&amp;edm=ANo9K5cEAAAA&amp;_nc_gid=iLZNyiv2zgzwH_ongg9ivw&amp;oh=00_AfTr42pPYmEm0jDxeea9heUGL6KTlV0z8teB7U_czpL8Zw&amp;oe=68771FF7\" data-img-src-set=\"{&quot;d&quot;:&quot;https:\/\/scontent-lhr6-1.cdninstagram.com\/v\/t51.82787-15\/514857488_18515682067032360_3154097103903351772_n.jpg?stp=dst-jpg_e35_tt6&amp;_nc_cat=109&amp;ccb=1-7&amp;_nc_sid=18de74&amp;_nc_ohc=UAwrYNC_H08Q7kNvwFK0TIC&amp;_nc_oc=Adl_DeymAK3I4Nxte19-ozvNAzYPmCRByDLAkcWXa-d52_VrYmzSPuUSnfO0uAL9-Jw&amp;_nc_zt=23&amp;_nc_ht=scontent-lhr6-1.cdninstagram.com&amp;edm=ANo9K5cEAAAA&amp;_nc_gid=iLZNyiv2zgzwH_ongg9ivw&amp;oh=00_AfTr42pPYmEm0jDxeea9heUGL6KTlV0z8teB7U_czpL8Zw&amp;oe=68771FF7&quot;,&quot;150&quot;:&quot;https:\/\/scontent-lhr6-1.cdninstagram.com\/v\/t51.82787-15\/514857488_18515682067032360_3154097103903351772_n.jpg?stp=dst-jpg_e35_tt6&amp;_nc_cat=109&amp;ccb=1-7&amp;_nc_sid=18de74&amp;_nc_ohc=UAwrYNC_H08Q7kNvwFK0TIC&amp;_nc_oc=Adl_DeymAK3I4Nxte19-ozvNAzYPmCRByDLAkcWXa-d52_VrYmzSPuUSnfO0uAL9-Jw&amp;_nc_zt=23&amp;_nc_ht=scontent-lhr6-1.cdninstagram.com&amp;edm=ANo9K5cEAAAA&amp;_nc_gid=iLZNyiv2zgzwH_ongg9ivw&amp;oh=00_AfTr42pPYmEm0jDxeea9heUGL6KTlV0z8teB7U_czpL8Zw&amp;oe=68771FF7&quot;,&quot;320&quot;:&quot;https:\/\/www.everythingibiza.com\/wp-content\/uploads\/sb-instagram-feed-images\/514857488_18515682067032360_3154097103903351772_nlow.webp&quot;,&quot;640&quot;:&quot;https:\/\/www.everythingibiza.com\/wp-content\/uploads\/sb-instagram-feed-images\/514857488_18515682067032360_3154097103903351772_nfull.webp&quot;}\"><br \/>\nNeue exquisite minimalistische Villa, die Luxus bietet,<\/a><\/p>\n<p><img decoding=\"async\" src=\"https:\/\/www.everythingibiza.com\/wp-content\/plugins\/instagram-feed\/img\/placeholder.png\" alt=\"New Exquisite Minimalistic Villa Offering Luxury, Quality and Breathtaking Views \ud83d\udccd Can Furnet, Santa Eulalia del Rio Situated in the elite gated community of Can Furnet, this exquisite new villa offers unparalleled luxury and breathtaking views that stretch from Marina Botafoch and Dalt Vila to the stunning island of Formentera and the shimmering waters of Salinas. Spanning a generous 521m2 and occupying a private 1,464m2 plot, this architectural marvel boasts elegantly designed bedrooms, each featuring walk-in closets or built-in wardrobes along with private bathrooms, ensuring comfort and privacy for all guests. DM for Details \u00b7 \ud83d\udd11 Ref: 1820 \ud83d\udd11 Plot: 1,464 m2 \ud83d\udd11 House: 521 m2 \ud83d\udd11 Bed: 7 \ud83d\udd11 Bath: 6 \u00b7 \ud83c\udfe0 Guide Price: 8.500.000 \u20ac \u00b7 \ud83d\udc69\ud83c\udffc\u200d\ud83d\udcbb Get in touch with yvonne@everythingibiza.com \/ scarlett@everythingibiza.com \u260e\ufe0f (+34) 971 80 36 80 www.everythingibiza.com\" aria-hidden=\"true\" \/><\/p>\n<p><a href=\"https:\/\/www.instagram.com\/reel\/DLj95i9NYIt\/\" target=\"_blank\" rel=\"noopener nofollow\" data-full-res=\"https:\/\/scontent-lhr8-1.cdninstagram.com\/v\/t51.71878-15\/514505748_4134028800218255_5987950877260859758_n.jpg?stp=dst-jpg_e35_tt6&amp;_nc_cat=111&amp;ccb=1-7&amp;_nc_sid=18de74&amp;_nc_ohc=Unlv9_KlxMkQ7kNvwEjcTPR&amp;_nc_oc=Adk2408zkzel5G97s6VSUaJTmoW0095u4AA1O1U3PCaMd-k4n7lsMwnOScNGISdjogY&amp;_nc_zt=23&amp;_nc_ht=scontent-lhr8-1.cdninstagram.com&amp;edm=ANo9K5cEAAAA&amp;_nc_gid=iLZNyiv2zgzwH_ongg9ivw&amp;oh=00_AfS8LnWf97I-aNerhq8PKekNlk2nCW9A5cTu8fK_A9WYQQ&amp;oe=68772132\" data-img-src-set=\"{&quot;d&quot;:&quot;https:\/\/scontent-lhr8-1.cdninstagram.com\/v\/t51.71878-15\/514505748_4134028800218255_5987950877260859758_n.jpg?stp=dst-jpg_e35_tt6&amp;_nc_cat=111&amp;ccb=1-7&amp;_nc_sid=18de74&amp;_nc_ohc=Unlv9_KlxMkQ7kNvwEjcTPR&amp;_nc_oc=Adk2408zkzel5G97s6VSUaJTmoW0095u4AA1O1U3PCaMd-k4n7lsMwnOScNGISdjogY&amp;_nc_zt=23&amp;_nc_ht=scontent-lhr8-1.cdninstagram.com&amp;edm=ANo9K5cEAAAA&amp;_nc_gid=iLZNyiv2zgzwH_ongg9ivw&amp;oh=00_AfS8LnWf97I-aNerhq8PKekNlk2nCW9A5cTu8fK_A9WYQQ&amp;oe=68772132&quot;,&quot;150&quot;:&quot;https:\/\/scontent-lhr8-1.cdninstagram.com\/v\/t51.71878-15\/514505748_4134028800218255_5987950877260859758_n.jpg?stp=dst-jpg_e35_tt6&amp;_nc_cat=111&amp;ccb=1-7&amp;_nc_sid=18de74&amp;_nc_ohc=Unlv9_KlxMkQ7kNvwEjcTPR&amp;_nc_oc=Adk2408zkzel5G97s6VSUaJTmoW0095u4AA1O1U3PCaMd-k4n7lsMwnOScNGISdjogY&amp;_nc_zt=23&amp;_nc_ht=scontent-lhr8-1.cdninstagram.com&amp;edm=ANo9K5cEAAAA&amp;_nc_gid=iLZNyiv2zgzwH_ongg9ivw&amp;oh=00_AfS8LnWf97I-aNerhq8PKekNlk2nCW9A5cTu8fK_A9WYQQ&amp;oe=68772132&quot;,&quot;320&quot;:&quot;https:\/\/www.everythingibiza.com\/wp-content\/uploads\/sb-instagram-feed-images\/514505748_4134028800218255_5987950877260859758_nlow.webp&quot;,&quot;640&quot;:&quot;https:\/\/www.everythingibiza.com\/wp-content\/uploads\/sb-instagram-feed-images\/514505748_4134028800218255_5987950877260859758_nfull.webp&quot;}\"><br \/>\nScenes from Santa Gertrudis \ud83c\udf4b<br \/>\nA village that f<br \/>\n<img decoding=\"async\" src=\"https:\/\/www.everythingibiza.com\/wp-content\/plugins\/instagram-feed\/img\/placeholder.png\" alt=\"Scenes from Santa Gertrudis \ud83c\udf4b A village that feels like home the moment you arrive. Mornings at the caf\u00e9, afternoons wandering the galleries, and that quiet rhythm of life you only find in the heart of the island. If you\u2019re dreaming of a place in Ibiza with soul, Santa Gertrudis might just be it. \ud83d\udc69\ud83c\udffc\u200d\ud83d\udcbb yvonne@everythingibiza.com \/ scarlett@everythingibiza.com \u260e\ufe0f (+34) 971 80 36 80 www.everythingibiza.com\" aria-hidden=\"true\" \/><br \/>\n<\/a><\/p>","protected":false},"excerpt":{"rendered":"<p>Homebuying Tips in ibiza Nowadays many people can make their dream of buying a property in Ibiza a reality. Thanks to the much improved connections by air and sea, travelling to the White Isle is quick and easy even during the winter months, when the days in the north are short and dark while the [&hellip;]<\/p>\n","protected":false},"author":4,"featured_media":0,"parent":0,"menu_order":0,"comment_status":"closed","ping_status":"closed","template":"","meta":{"footnotes":""},"class_list":["post-2589","page","type-page","status-publish","hentry"],"acf":[],"yoast_head":"<!-- This site is optimized with the Yoast SEO plugin v27.5 - https:\/\/yoast.com\/product\/yoast-seo-wordpress\/ -->\n<title>Homebuying Tips - everything ibiza Properties<\/title>\n<meta name=\"robots\" content=\"index, follow, max-snippet:-1, max-image-preview:large, max-video-preview:-1\" \/>\n<link rel=\"canonical\" href=\"https:\/\/www.everythingibiza.com\/de\/homebuying-tips\/\" \/>\n<meta property=\"og:locale\" content=\"de_DE\" \/>\n<meta property=\"og:type\" content=\"article\" \/>\n<meta property=\"og:title\" content=\"Homebuying Tips - everything ibiza Properties\" \/>\n<meta property=\"og:description\" content=\"Homebuying Tips in ibiza Nowadays many people can make their dream of buying a property in Ibiza a reality. Thanks to the much improved connections by air and sea, travelling to the White Isle is quick and easy even during the winter months, when the days in the north are short and dark while the [&hellip;]\" \/>\n<meta property=\"og:url\" content=\"https:\/\/www.everythingibiza.com\/de\/homebuying-tips\/\" \/>\n<meta property=\"og:site_name\" content=\"everything ibiza Properties\" \/>\n<meta property=\"og:image\" content=\"https:\/\/www.everythingibiza.com\/wp-content\/uploads\/2019\/11\/MG_8294-copia.jpg\" \/>\n<meta name=\"twitter:card\" content=\"summary_large_image\" \/>\n<meta name=\"twitter:label1\" content=\"Est. reading time\" \/>\n\t<meta name=\"twitter:data1\" content=\"4 minutes\" \/>\n<script type=\"application\/ld+json\" class=\"yoast-schema-graph\">{\"@context\":\"https:\\\/\\\/schema.org\",\"@graph\":[{\"@type\":\"WebPage\",\"@id\":\"https:\\\/\\\/www.everythingibiza.com\\\/homebuying-tips\\\/\",\"url\":\"https:\\\/\\\/www.everythingibiza.com\\\/homebuying-tips\\\/\",\"name\":\"Homebuying Tips - everything ibiza Properties\",\"isPartOf\":{\"@id\":\"https:\\\/\\\/www.everythingibiza.com\\\/#website\"},\"primaryImageOfPage\":{\"@id\":\"https:\\\/\\\/www.everythingibiza.com\\\/homebuying-tips\\\/#primaryimage\"},\"image\":{\"@id\":\"https:\\\/\\\/www.everythingibiza.com\\\/homebuying-tips\\\/#primaryimage\"},\"thumbnailUrl\":\"https:\\\/\\\/www.everythingibiza.com\\\/wp-content\\\/uploads\\\/2019\\\/11\\\/MG_8294-copia.jpg\",\"datePublished\":\"2019-09-03T09:18:04+00:00\",\"breadcrumb\":{\"@id\":\"https:\\\/\\\/www.everythingibiza.com\\\/homebuying-tips\\\/#breadcrumb\"},\"inLanguage\":\"de-DE\",\"potentialAction\":[{\"@type\":\"ReadAction\",\"target\":[\"https:\\\/\\\/www.everythingibiza.com\\\/homebuying-tips\\\/\"]}]},{\"@type\":\"ImageObject\",\"inLanguage\":\"de-DE\",\"@id\":\"https:\\\/\\\/www.everythingibiza.com\\\/homebuying-tips\\\/#primaryimage\",\"url\":\"https:\\\/\\\/www.everythingibiza.com\\\/wp-content\\\/uploads\\\/2019\\\/11\\\/MG_8294-copia.jpg\",\"contentUrl\":\"https:\\\/\\\/www.everythingibiza.com\\\/wp-content\\\/uploads\\\/2019\\\/11\\\/MG_8294-copia.jpg\"},{\"@type\":\"BreadcrumbList\",\"@id\":\"https:\\\/\\\/www.everythingibiza.com\\\/homebuying-tips\\\/#breadcrumb\",\"itemListElement\":[{\"@type\":\"ListItem\",\"position\":1,\"name\":\"Home\",\"item\":\"https:\\\/\\\/www.everythingibiza.com\\\/\"},{\"@type\":\"ListItem\",\"position\":2,\"name\":\"Homebuying Tips\"}]},{\"@type\":\"WebSite\",\"@id\":\"https:\\\/\\\/www.everythingibiza.com\\\/#website\",\"url\":\"https:\\\/\\\/www.everythingibiza.com\\\/\",\"name\":\"everything ibiza Properties\",\"description\":\"Accredited &amp; Trusted Real Estate Agent in Ibiza Since 1999\",\"potentialAction\":[{\"@type\":\"SearchAction\",\"target\":{\"@type\":\"EntryPoint\",\"urlTemplate\":\"https:\\\/\\\/www.everythingibiza.com\\\/?s={search_term_string}\"},\"query-input\":{\"@type\":\"PropertyValueSpecification\",\"valueRequired\":true,\"valueName\":\"search_term_string\"}}],\"inLanguage\":\"de-DE\"}]}<\/script>\n<!-- \/ Yoast SEO plugin. -->","yoast_head_json":{"title":"Homebuying Tips - everything ibiza Properties","robots":{"index":"index","follow":"follow","max-snippet":"max-snippet:-1","max-image-preview":"max-image-preview:large","max-video-preview":"max-video-preview:-1"},"canonical":"https:\/\/www.everythingibiza.com\/de\/homebuying-tips\/","og_locale":"de_DE","og_type":"article","og_title":"Homebuying Tips - everything ibiza Properties","og_description":"Homebuying Tips in ibiza Nowadays many people can make their dream of buying a property in Ibiza a reality. Thanks to the much improved connections by air and sea, travelling to the White Isle is quick and easy even during the winter months, when the days in the north are short and dark while the [&hellip;]","og_url":"https:\/\/www.everythingibiza.com\/de\/homebuying-tips\/","og_site_name":"everything ibiza Properties","og_image":[{"url":"https:\/\/www.everythingibiza.com\/wp-content\/uploads\/2019\/11\/MG_8294-copia.jpg","type":"","width":"","height":""}],"twitter_card":"summary_large_image","twitter_misc":{"Est. reading time":"4 minutes"},"schema":{"@context":"https:\/\/schema.org","@graph":[{"@type":"WebPage","@id":"https:\/\/www.everythingibiza.com\/homebuying-tips\/","url":"https:\/\/www.everythingibiza.com\/homebuying-tips\/","name":"Homebuying Tips - everything ibiza Properties","isPartOf":{"@id":"https:\/\/www.everythingibiza.com\/#website"},"primaryImageOfPage":{"@id":"https:\/\/www.everythingibiza.com\/homebuying-tips\/#primaryimage"},"image":{"@id":"https:\/\/www.everythingibiza.com\/homebuying-tips\/#primaryimage"},"thumbnailUrl":"https:\/\/www.everythingibiza.com\/wp-content\/uploads\/2019\/11\/MG_8294-copia.jpg","datePublished":"2019-09-03T09:18:04+00:00","breadcrumb":{"@id":"https:\/\/www.everythingibiza.com\/homebuying-tips\/#breadcrumb"},"inLanguage":"de-DE","potentialAction":[{"@type":"ReadAction","target":["https:\/\/www.everythingibiza.com\/homebuying-tips\/"]}]},{"@type":"ImageObject","inLanguage":"de-DE","@id":"https:\/\/www.everythingibiza.com\/homebuying-tips\/#primaryimage","url":"https:\/\/www.everythingibiza.com\/wp-content\/uploads\/2019\/11\/MG_8294-copia.jpg","contentUrl":"https:\/\/www.everythingibiza.com\/wp-content\/uploads\/2019\/11\/MG_8294-copia.jpg"},{"@type":"BreadcrumbList","@id":"https:\/\/www.everythingibiza.com\/homebuying-tips\/#breadcrumb","itemListElement":[{"@type":"ListItem","position":1,"name":"Home","item":"https:\/\/www.everythingibiza.com\/"},{"@type":"ListItem","position":2,"name":"Homebuying Tips"}]},{"@type":"WebSite","@id":"https:\/\/www.everythingibiza.com\/#website","url":"https:\/\/www.everythingibiza.com\/","name":"alles ibiza Eigenschaften","description":"Accredited &amp; Trusted Real Estate Agent in Ibiza Since 1999","potentialAction":[{"@type":"SearchAction","target":{"@type":"EntryPoint","urlTemplate":"https:\/\/www.everythingibiza.com\/?s={search_term_string}"},"query-input":{"@type":"PropertyValueSpecification","valueRequired":true,"valueName":"search_term_string"}}],"inLanguage":"de-DE"}]}},"_links":{"self":[{"href":"https:\/\/www.everythingibiza.com\/de\/wp-json\/wp\/v2\/pages\/2589","targetHints":{"allow":["GET"]}}],"collection":[{"href":"https:\/\/www.everythingibiza.com\/de\/wp-json\/wp\/v2\/pages"}],"about":[{"href":"https:\/\/www.everythingibiza.com\/de\/wp-json\/wp\/v2\/types\/page"}],"author":[{"embeddable":true,"href":"https:\/\/www.everythingibiza.com\/de\/wp-json\/wp\/v2\/users\/4"}],"replies":[{"embeddable":true,"href":"https:\/\/www.everythingibiza.com\/de\/wp-json\/wp\/v2\/comments?post=2589"}],"version-history":[{"count":0,"href":"https:\/\/www.everythingibiza.com\/de\/wp-json\/wp\/v2\/pages\/2589\/revisions"}],"wp:attachment":[{"href":"https:\/\/www.everythingibiza.com\/de\/wp-json\/wp\/v2\/media?parent=2589"}],"curies":[{"name":"wp","href":"https:\/\/api.w.org\/{rel}","templated":true}]}}