{"id":58103,"date":"2026-04-23T10:18:17","date_gmt":"2026-04-23T09:18:17","guid":{"rendered":"https:\/\/everythingibiza.com\/?page_id=58103"},"modified":"2026-04-27T11:26:22","modified_gmt":"2026-04-27T10:26:22","slug":"private-listings","status":"publish","type":"page","link":"https:\/\/www.everythingibiza.com\/de\/private-listings\/","title":{"rendered":"Private Eintr\u00e4ge"},"content":{"rendered":"<p><img decoding=\"async\" src=\"https:\/\/www.everythingibiza.com\/wp-content\/uploads\/2019\/08\/PANCALADHORTPUESTA-7503-copia.jpg\" alt=\"PANCALADHORTPUESTA-7503 copia\" \/><\/p>\n<h5><\/h5>\n<p><img decoding=\"async\" src=\"https:\/\/www.everythingibiza.com\/wp-content\/uploads\/2019\/08\/SES_ROQUES_2014-2624-copia.jpg\" alt=\"SES_ROQUES_2014-2624 copia\" \/><\/p>\n<h5><\/h5>\n<h2>COMMERCIAL<\/h2>\n<h2>EIGENTUM<\/h2>\n<h2>Gewerbeimmobilien<\/h2>\n<p>Ein neues Unternehmen auf Ibiza zu gr\u00fcnden oder ein bestehendes fortzuf\u00fchren, ist ein sehr spannendes Unterfangen. Die Gesch\u00e4ftsr\u00e4ume und der Standort sind zwei Schl\u00fcsselelemente f\u00fcr den Erfolg eines jeden Unternehmens.<\/p>\n<p>Neben allen Arten von Wohnimmobilien auf Ibiza haben wir auch einige attraktive Gewerbeimmobilien zum Kauf oder zur Miete im Angebot. Bitte nutzen Sie unsere Suchfunktion hier auf der Website, um die Gewerbeimmobilien zu durchsuchen.<\/p>\n<p>Es k\u00f6nnte sein, dass wir derzeit keine R\u00e4umlichkeiten auf Ibiza haben, die f\u00fcr Sie und Ihr Unternehmen geeignet sind. Wenn das der Fall ist, setzen Sie sich bitte mit einem unserer vertrauensw\u00fcrdigen Berater in Verbindung, indem Sie unser Anfrageformular ausf\u00fcllen.<\/p>\n<p>Damit wir Ihnen schnell und effizient helfen k\u00f6nnen, teilen Sie uns bitte so viel wie m\u00f6glich mit, welchen Standort Sie f\u00fcr Ihr Unternehmen bevorzugen, welche Art von Unternehmen Sie gr\u00fcnden m\u00f6chten und ob Sie die R\u00e4umlichkeiten kaufen oder mieten m\u00f6chten.<\/p>\n<h2>Kontakt aufnehmen<\/h2>\n<h2>Folgen Sie<\/h2>\n<h2>Wir auf instagram<\/h2>\n<p>Fehler beim Validieren des Zugriffstokens: Die Sitzung wurde ung\u00fcltig, weil der Benutzer sein Passwort ge\u00e4ndert hat oder Facebook die Sitzung aus Sicherheitsgr\u00fcnden ge\u00e4ndert hat.<\/p>","protected":false},"excerpt":{"rendered":"<p>COMMERCIAL\u200b PROPERTY Commercial Property Creating a new business in Ibiza or continuing an existing one is a very exciting venture. The business premises and the location are two key elements to the success of any business. As well as all types of residential properties in Ibiza, we also have some attractive Commercial Properties available to [&hellip;]<\/p>\n","protected":false},"author":9,"featured_media":0,"parent":0,"menu_order":0,"comment_status":"closed","ping_status":"closed","template":"","meta":{"footnotes":""},"class_list":["post-58103","page","type-page","status-publish","hentry"],"acf":[],"_links":{"self":[{"href":"https:\/\/www.everythingibiza.com\/de\/wp-json\/wp\/v2\/pages\/58103","targetHints":{"allow":["GET"]}}],"collection":[{"href":"https:\/\/www.everythingibiza.com\/de\/wp-json\/wp\/v2\/pages"}],"about":[{"href":"https:\/\/www.everythingibiza.com\/de\/wp-json\/wp\/v2\/types\/page"}],"author":[{"embeddable":true,"href":"https:\/\/www.everythingibiza.com\/de\/wp-json\/wp\/v2\/users\/9"}],"replies":[{"embeddable":true,"href":"https:\/\/www.everythingibiza.com\/de\/wp-json\/wp\/v2\/comments?post=58103"}],"version-history":[{"count":2,"href":"https:\/\/www.everythingibiza.com\/de\/wp-json\/wp\/v2\/pages\/58103\/revisions"}],"predecessor-version":[{"id":58566,"href":"https:\/\/www.everythingibiza.com\/de\/wp-json\/wp\/v2\/pages\/58103\/revisions\/58566"}],"wp:attachment":[{"href":"https:\/\/www.everythingibiza.com\/de\/wp-json\/wp\/v2\/media?parent=58103"}],"curies":[{"name":"wp","href":"https:\/\/api.w.org\/{rel}","templated":true}]}}