{"id":10605,"date":"2019-10-22T14:11:25","date_gmt":"2019-10-22T13:11:25","guid":{"rendered":"https:\/\/trend.agency\/domains\/everythingibiza.com\/\/?page_id=10605"},"modified":"2019-10-22T14:11:25","modified_gmt":"2019-10-22T13:11:25","slug":"legal-notice","status":"publish","type":"page","link":"https:\/\/www.everythingibiza.com\/es\/legal-notice\/","title":{"rendered":"Aviso Legal"},"content":{"rendered":"<p><img decoding=\"async\" src=\"https:\/\/everythingibiza.com\/wp-content\/uploads\/2019\/10\/legal.jpg\" alt=\"\" width=\"272\" height=\"130\" \/><\/p>\n<p>El responsable de esta p\u00e1gina web es: CLUTCH TIME SL, con CIF B57302903 y domicilio social en Calle Pere Escanellas 19, 07830, Sant Josep de Sa Talaia (ILLES BALEARS)<\/p>\n<p>Tambi\u00e9n puede contactar con nosotros a trav\u00e9s del n\u00famero de tel\u00e9fono\u00a0<strong>+00 34 971 80 36 80<\/strong>\u00a0o a trav\u00e9s del siguiente correo electr\u00f3nico:\u00a0<a href=\"https:\/\/www.everythingibiza.com\/es\/get-in-touch\/\" target=\"_blank\" rel=\"nofollow noopener noreferrer\">Contacto<\/a><\/p>\n<p><strong>Propiedad Intelectual e Industrial<\/strong><\/p>\n<p>El dise\u00f1o de este sitio web y sus c\u00f3digos fuente, as\u00ed como los logos, marcas y dem\u00e1s signos distintivos que aparecen en el mismo pertenecen a CLUTCH TIME SL y est\u00e1n protegidos por los correspondientes derechos de propiedad intelectual e industrial.<\/p>\n<p><strong>Responsabilidad por el contenido<\/strong><\/p>\n<p>CLUTCH TIME SL no se hace responsable de la legalidad de otros sitios web de terceros desde los que se pueda acceder al presente sitio web. CLUTCH TIME SL no responde de la legalidad de otros sitios web de terceros, que puedan estar enlazados o enlazados desde este sitio web.<\/p>\n<p>CLUTCH TIME SL se reserva el derecho a realizar cambios en el sitio web sin previo aviso, con el objeto de mantener actualizada su informaci\u00f3n, a\u00f1adiendo, modificando, corrigiendo o eliminando los contenidos publicados o el dise\u00f1o del portal.<\/p>\n<p>CLUTCH TIME SL no ser\u00e1 responsable del uso que terceros hagan de la informaci\u00f3n publicada en el portal, ni de los da\u00f1os sufridos o p\u00e9rdidas econ\u00f3micas que, directa o indirectamente, produzcan o puedan causar perjuicios econ\u00f3micos, materiales o sobre datos, causados por la uso de dicha informaci\u00f3n.<\/p>\n<p><strong>Reproducci\u00f3n de contenidos<\/strong><\/p>\n<p>Queda prohibida la reproducci\u00f3n total o parcial de los contenidos publicados en esta web sin la previa autorizaci\u00f3n por escrito de CLUTCH TIME SL<\/p>\n<p>Toda la informaci\u00f3n relativa a la privacidad, la tienes en nuestra Pol\u00edtica de Privacidad.<\/p>\n<h3><\/h3>\n<h3><\/h3>\n<h3><u><strong>POL\u00cdTICA DE PRIVACIDAD:<\/strong><\/u><\/h3>\n<p><strong>RESPONSABLE DEL TRATAMIENTO<\/strong><\/p>\n<p>El Responsable del Tratamiento es CLUTCH TIME SL, Calle Pere Escanellas, 19, 07830, Sant Josep de Sa Talaia (ILLES BALEARS).<\/p>\n<p><strong>PRINCIPIOS DE PRIVACIDAD<\/strong><\/p>\n<p>En CLUTCH TIME SL nos comprometemos a trabajar contigo de forma continua para garantizar la privacidad de tus datos personales y ofrecerte la informaci\u00f3n m\u00e1s completa y clara que podamos en cada momento. Le animamos a que lea detenidamente esta secci\u00f3n antes de proporcionarnos su informaci\u00f3n personal.<\/p>\n<p>Si tienes menos de catorce a\u00f1os, no nos des tus datos sin el consentimiento de tus padres.<\/p>\n<p>En esta secci\u00f3n le informamos sobre c\u00f3mo tratamos los datos de las personas relacionadas con nuestra organizaci\u00f3n. Empezando por nuestros principios:<\/p>\n<ul>\n<li>No solicitamos informaci\u00f3n personal, a menos que sea necesaria para brindarle los servicios que requiere.<\/li>\n<li>Nunca compartimos informaci\u00f3n personal con nadie excepto para cumplir con la ley o con su permiso expreso.<\/li>\n<li>Nunca utilizaremos sus datos personales para fines distintos a los expresados en esta pol\u00edtica de privacidad.<\/li>\n<li>Tus datos ser\u00e1n siempre tratados con un nivel de protecci\u00f3n adecuado a la legislaci\u00f3n en materia de protecci\u00f3n de datos, y no los someteremos a decisiones automatizadas.<\/li>\n<\/ul>\n<p>La presente pol\u00edtica de privacidad ha sido redactada teniendo en cuenta las exigencias de la legislaci\u00f3n vigente en materia de protecci\u00f3n de datos:<\/p>\n<ul>\n<li>Reglamento (UE) 2016\/679 del Parlamento Europeo y del Consejo, de 27 de abril de 2016, relativo a la protecci\u00f3n de las personas f\u00edsicas (RGPD).<\/li>\n<li>Ley Org\u00e1nica 15\/1999, de 13 de diciembre, de Protecci\u00f3n de Datos de Car\u00e1cter Personal (LOPD).<\/li>\n<li>Real Decreto 1720\/2007, de 21 de diciembre de 2007 (RLOPD).<\/li>\n<\/ul>\n<p>Esta pol\u00edtica de privacidad est\u00e1 fechada el 25 de mayo de 2018.<\/p>\n<p>Con el fin de facilitar la comprensi\u00f3n o adaptar los criterios de tratamiento a la legislaci\u00f3n vigente, podemos modificar esta pol\u00edtica de privacidad en caso de cambio de criterio de tratamiento. Actualizaremos la fecha del mismo, para que puedas comprobar su vigencia.<\/p>\n<h3><\/h3>\n<h3><strong>TRATAMIENTOS QUE HACEMOS<\/strong><\/h3>\n<p><strong>Tratamiento de contactos<\/strong><\/p>\n<p>Finalidad: Atender sus solicitudes, peticiones o consultas recibidas desde la web, por correo electr\u00f3nico o tel\u00e9fono. Responda a su solicitud y haga un seguimiento m\u00e1s tarde.<\/p>\n<p>Legitimaci\u00f3n: Consentimiento del interesado.<\/p>\n<p>Destinatarios: No se ceder\u00e1n datos a terceros.<\/p>\n<p>Plazo de conservaci\u00f3n: Conservaremos sus datos durante el tiempo necesario para cumplir con la finalidad para la que fueron recabados y para determinar las responsabilidades que pudieran derivarse de dicha finalidad y del tratamiento de los datos.<\/p>\n<p><strong>trato al cliente<\/strong><\/p>\n<p>Finalidad: Gestionar las relaciones con los clientes, la facturaci\u00f3n y el cobro. Env\u00edo de ofertas de productos\/servicios similares o complementarios a los que nos ha adquirido.<\/p>\n<p>Legitimaci\u00f3n: Relaci\u00f3n contractual e inter\u00e9s leg\u00edtimo.<\/p>\n<p>Destinatarios: Sus datos ser\u00e1n comunicados a las Administraciones P\u00fablicas competentes en los casos previstos en la legislaci\u00f3n vigente, y para las finalidades establecidas en dicha legislaci\u00f3n. Solo los comunicaremos a terceros si son imprescindibles para la prestaci\u00f3n del servicio.<\/p>\n<p>Plazo de conservaci\u00f3n: Conservaremos sus datos por tiempo indefinido una vez vencido el plazo exigido por la ley, o hasta que solicite su cancelaci\u00f3n.<\/p>\n<p><strong>tratamiento de mercadeo<\/strong><\/p>\n<p>Finalidad: Proporcionarle informaci\u00f3n sobre productos y servicios que creemos que pueden ser de su inter\u00e9s. En toda comunicaci\u00f3n comercial tendr\u00e1 la oportunidad de oponerse a este tratamiento d\u00e1ndose de baja.<\/p>\n<p>Legitimaci\u00f3n: Consentimiento del interesado.<\/p>\n<p>Destinatarios: No se ceder\u00e1n datos a terceros.<\/p>\n<p>Plazo de conservaci\u00f3n: Conservaremos sus datos por tiempo indefinido. Los cancelaremos si lo solicitas, o si despu\u00e9s de un cierto n\u00famero de correos electr\u00f3nicos, no realizas ninguna acci\u00f3n.<\/p>\n<p><strong>Tratamiento de recursos humanos<\/strong><\/p>\n<p>Finalidad: Evaluar el curr\u00edculum vitae que nos facilite para tenerle en cuenta en los procesos de selecci\u00f3n de personal que podamos realizar.<\/p>\n<p>Legitimaci\u00f3n: Consentimiento del interesado.<\/p>\n<p>Destinatarios: No se ceder\u00e1n datos a terceros.<\/p>\n<p>Plazo de conservaci\u00f3n: Conservaremos sus datos durante un m\u00e1ximo de 5 a\u00f1os.<\/p>\n<h3><\/h3>\n<h3><\/h3>\n<h3><strong>TUS DERECHOS<\/strong><\/h3>\n<p>Tiene derecho a solicitarnos una copia de sus datos personales, a rectificar los datos inexactos o a completarlos si est\u00e1n incompletos, o en su caso a suprimirlos, cuando ya no sean necesarios para los fines que fueron recogidos.<\/p>\n<p>Tambi\u00e9n tiene derecho a limitar el procesamiento de sus datos personales y obtener sus datos personales en un formato estructurado y legible.<\/p>\n<p>Puede oponerse al procesamiento de sus datos personales en determinadas circunstancias (en particular, cuando no tengamos que procesarlos para cumplir con un contrato u otro requisito legal, o cuando el prop\u00f3sito del procesamiento sea el marketing directo).<\/p>\n<p>Una vez que nos haya dado su consentimiento, puede retirarlo en cualquier momento. En ese momento, dejaremos de tratar sus datos o, en su caso, dejaremos de tratarlos para esa finalidad en concreto. Si decide retirar su consentimiento, esto no afectar\u00e1 ning\u00fan tratamiento que haya tenido lugar mientras su consentimiento estaba en vigor.<\/p>\n<p>Estos derechos pueden estar limitados, por ejemplo, si tenemos que divulgar informaci\u00f3n sobre otra persona para cumplir con su solicitud, o si nos solicita que eliminemos ciertos registros que debemos mantener debido a una obligaci\u00f3n legal o inter\u00e9s leg\u00edtimo, como defenderse de las reclamaciones. O incluso en los casos en que deba prevalecer el derecho a la libertad de expresi\u00f3n e informaci\u00f3n.<\/p>\n<p>Puede contactar con nosotros por cualquiera de los medios indicados en el apartado Responsable del Tratamiento de esta pol\u00edtica de privacidad, aportando copia de un documento que acredite su identidad (normalmente su DNI).<\/p>\n<p>Otro de tus derechos es el de no ser objeto de una decisi\u00f3n basada \u00fanicamente en un tratamiento automatizado, incluida la elaboraci\u00f3n de perfiles, que produzca efectos jur\u00eddicos o te afecte.<\/p>\n<p>Ante cualquier vulneraci\u00f3n de sus derechos, como por ejemplo el incumplimiento de su solicitud, tiene derecho a presentar una reclamaci\u00f3n ante la Autoridad de Protecci\u00f3n de Datos. Puede ser de tu pa\u00eds (si vives fuera de Espa\u00f1a) o de las Agencias Espa\u00f1olas de Protecci\u00f3n de Datos (si vives en Espa\u00f1a).<\/p>\n<p><strong>INFORMACI\u00d3N ADICIONAL<\/strong><\/p>\n<p>Tratamiento de sus datos fuera del Espacio Econ\u00f3mico Europeo.<\/p>\n<p>Para los tratamientos indicados podemos utilizar el servicio de los siguientes proveedores fuera del Espacio Econ\u00f3mico Europeo, pero bajo el acuerdo de Privacy Shield, aprobado por las autoridades de protecci\u00f3n de datos de la Uni\u00f3n Europea.<\/p>\n<ul>\n<li><strong>GOOGLE<\/strong>\u00a0: Servicios en la nube y de correo electr\u00f3nico. M\u00e1s informaci\u00f3n:<br \/>\n<a href=\"https:\/\/www.privacyshield.gov\/participant?id=a2zt000000001L5AAI\" target=\"_blank\" rel=\"nofollow noopener noreferrer\">https:\/\/www.privacyshield.gov\/participant?id=a2zt000000001L5AAI<\/a><\/li>\n<\/ul>\n<ul>\n<li><\/li>\n<li><strong>MICROSOFT<\/strong>\u00a0: Servicios en la nube, comunicaci\u00f3n v\u00eda Skype y correo electr\u00f3nico. M\u00e1s informaci\u00f3n:<br \/>\n<a href=\"https:\/\/www.privacyshield.gov\/participant?id=a2zt0000000KzNaAAK\" target=\"_blank\" rel=\"nofollow noopener noreferrer\">https:\/\/www.privacyshield.gov\/participant?id=a2zt0000000KzNaAAK<\/a><\/li>\n<\/ul>\n<ul>\n<li><\/li>\n<li><strong>AMAZONAS:<\/strong>\u00a0Servicios en la nube. M\u00e1s informaci\u00f3n:<br \/>\n<a href=\"https:\/\/www.privacyshield.gov\/participant?id=a2zt0000000TOWQAA4\" target=\"_blank\" rel=\"nofollow noopener noreferrer\">https:\/\/www.privacyshield.gov\/participant?id=a2zt0000000TOWQAA4<\/a><\/li>\n<\/ul>\n<ul>\n<li><\/li>\n<li><strong>BUZ\u00d3N<\/strong>\u00a0: almacenamiento en la nube, sincronizaci\u00f3n y uso compartido de archivos. M\u00e1s informaci\u00f3n:<br \/>\n<a href=\"https:\/\/www.privacyshield.gov\/participant?id=a2zt0000000GnCLAA0\" target=\"_blank\" rel=\"nofollow noopener noreferrer\">https:\/\/www.privacyshield.gov\/participant?id=a2zt0000000GnCLAA0<\/a><\/li>\n<\/ul>\n<ul>\n<li><\/li>\n<li><strong>CORREOCHIMP<\/strong>\u00a0: Gesti\u00f3n de env\u00edos de correo electr\u00f3nico. M\u00e1s informaci\u00f3n:<br \/>\n<a href=\"https:\/\/www.privacyshield.gov\/participant?id=a2zt0000000TO6hAAG\" target=\"_blank\" rel=\"nofollow noopener noreferrer\">https:\/\/www.privacyshield.gov\/participant?id=a2zt0000000TO6hAAG<\/a><\/li>\n<\/ul>\n<ul>\n<li><\/li>\n<li><strong>WHATSAPP<\/strong>\u00a0: Servicio de mensajer\u00eda instant\u00e1nea y env\u00edo de archivos. M\u00e1s informaci\u00f3n:<br \/>\n<a href=\"https:\/\/www.privacyshield.gov\/participant?id=a2zt0000000TSnwAAG\" target=\"_blank\" rel=\"nofollow noopener noreferrer\">https:\/\/www.privacyshield.gov\/participant?id=a2zt0000000TSnwAAG<\/a><\/li>\n<\/ul>\n<p><strong>Enlaces a sitios web de terceros.<\/strong><\/p>\n<p>Nuestro sitio web a veces puede contener enlaces a otros sitios web. Es su responsabilidad asegurarse de leer la pol\u00edtica de protecci\u00f3n de datos y las condiciones legales que se aplican a cada sitio.<\/p>\n<p><strong>Datos de terceros.<\/strong><\/p>\n<p>Si nos facilitas datos de terceros, asumes la responsabilidad de informarles previamente de conformidad con lo dispuesto en el art\u00edculo 14 del RGPD.<\/p>\n<h3><\/h3>\n<h3><strong>FORMULARIO DE CONTACTO:<\/strong><\/h3>\n<p>Al enviar el formulario, acepto que CLUTCH TIME SL procese y almacene mis datos personales con el fin de responder a mi consulta de contacto. Confirmo que he le\u00eddo y acepto la pol\u00edtica de privacidad. Entiendo que puedo oponerme al uso de mis datos personales con efecto futuro en cualquier momento. Puedo dirigir una revocaci\u00f3n directamente a los datos de contacto almacenados en la pol\u00edtica de privacidad.<\/p>\n<p><strong>FORMULARIO DE RECEPCI\u00d3N DE CORREOS PARA ENV\u00cdO DE COMERCIALES <\/strong><strong>COMUNICACIONES:<\/strong><\/p>\n<p>Tus datos ser\u00e1n tratados por CLUTCH TIME SL, con la finalidad de remitirte informaci\u00f3n comercial por correo electr\u00f3nico o tel\u00e9fono, de aquellos productos o servicios que creemos que pueden ser de tu inter\u00e9s.<\/p>\n<p>La legitimaci\u00f3n del tratamiento es tu consentimiento, que puedes retirar en cualquier momento. Sus datos no ser\u00e1n cedidos a terceros. Tienes derecho a acceder, rectificar y suprimir tus datos, as\u00ed como otros derechos como se explica en nuestra pol\u00edtica de privacidad.<\/p>\n<p><strong>FORMULARIO DE RECEPCI\u00d3N DE CORREOS PARA EL ENV\u00cdO DEL BOLET\u00cdN INFORMATIVO (Newsletter):<\/strong><\/p>\n<p>Tus datos ser\u00e1n tratados por CLUTCH TIME SL, con la finalidad de enviarte nuestras newsletters a tu correo electr\u00f3nico. La legitimaci\u00f3n del tratamiento es tu consentimiento, que puedes retirar en cualquier momento. Sus datos no ser\u00e1n cedidos a terceros. Tienes derecho a acceder, rectificar y suprimir tus datos, as\u00ed como otros derechos como se explica en nuestra pol\u00edtica de privacidad.<\/p>\n<p><u><strong>POL\u00cdTICA DE COOKIES:<\/strong><\/u><\/p>\n<p><strong>INFORMACI\u00d3N DE LAS COOKIES:<\/strong><\/p>\n<p>Las cookies son ficheros que se pueden descargar en su ordenador a trav\u00e9s de las p\u00e1ginas web. Son herramientas que tienen un papel esencial para la prestaci\u00f3n de numerosos servicios de la sociedad de la informaci\u00f3n. Entre otras, permiten que un sitio web almacene y recupere informaci\u00f3n sobre los h\u00e1bitos de navegaci\u00f3n de un usuario o de su equipo y, seg\u00fan la informaci\u00f3n obtenida, pueden utilizarse para reconocer al usuario y mejorar el servicio ofrecido.<\/p>\n<p><strong>TIPOS DE COOKIES:<\/strong><\/p>\n<p>Seg\u00fan quien sea la entidad que gestione el dominio desde donde se env\u00edan las cookies y trate los datos que se obtengan se pueden distinguir dos tipos: cookies propias y cookies de terceros.<\/p>\n<p>Existe tambi\u00e9n una segunda clasificaci\u00f3n seg\u00fan el plazo de tiempo que permanecen almacenadas en el navegador del cliente, que pueden ser cookies de sesi\u00f3n o cookies persistentes.<\/p>\n<p>Por \u00faltimo, existe otra clasificaci\u00f3n con cinco tipos de cookies seg\u00fan la finalidad para la que se traten los datos obtenidos: cookies t\u00e9cnicas, cookies de personalizaci\u00f3n, cookies de an\u00e1lisis, cookies publicitarias y cookies de publicidad comportamental.<\/p>\n<p><strong>COOKIES UTILIZADAS EN LA WEB:<\/strong><\/p>\n<p>A continuaci\u00f3n se identifican las cookies que est\u00e1n siendo utilizadas en este portal, as\u00ed como su tipolog\u00eda y funci\u00f3n:<\/p>\n<p>Una cookie de car\u00e1cter t\u00e9cnico denominada PHPSESSID necesaria para la correcta navegaci\u00f3n por las p\u00e1ginas web.<\/p>\n<p>Cookies de Google Analytics, un servicio de anal\u00edtica web desarrollado por Google, que permite la medici\u00f3n y an\u00e1lisis de la navegaci\u00f3n por las p\u00e1ginas web. En su navegador puede ver 4 cookies de este servicio. Seg\u00fan la tipolog\u00eda anterior, se trata de cookies propias, de sesi\u00f3n y de an\u00e1lisis. Puede encontrar m\u00e1s informaci\u00f3n al respecto e inhabilitar el uso de estas cookies en:<\/p>\n<p><a href=\"http:\/\/www.google.es\/intl\/es_ALL\/analytics\/learn\/privacy.html\" target=\"_blank\" rel=\"nofollow noopener noreferrer\">http:\/\/www.google.es\/intl\/es_ALL\/analytics\/learn\/privacy.html<\/a><\/p>\n<p>Mediante la anal\u00edtica web no obtienes informaci\u00f3n sobre tus datos personales, garantizando la protecci\u00f3n de la privacidad de las personas que navegan por la web. La informaci\u00f3n que se obtiene est\u00e1 relacionada con el n\u00famero de usuarios que acceden al sitio web, el n\u00famero de p\u00e1ginas vistas, la frecuencia y repetici\u00f3n de las visitas, la duraci\u00f3n de las mismas, el navegador utilizado, el operador que presta el servicio, el idioma, el terminal que utiliza, o la ciudad a la que est\u00e1 asignada su direcci\u00f3n IP. Informaci\u00f3n que posibilita un mejor y m\u00e1s adecuado servicio por parte de este portal.<\/p>\n<h3><\/h3>\n<h3><strong>C\u00d3MO MODIFICAR LA CONFIGURACI\u00d3N DE LAS COOKIES:<\/strong><\/h3>\n<p>Puede restringir, bloquear o eliminar las cookies de este sitio o de cualquier otro sitio web, utilizando su navegador. En cada navegador la operaci\u00f3n diferente, la funci\u00f3n de Ayuda le mostrar\u00e1 c\u00f3mo hacerlo.<\/p>\n<ul>\n<li><\/li>\n<li><strong>explorador de Internet<\/strong>:\u00a0<a href=\"http:\/\/windows.microsoft.com\/es-xl\/internet-explorer\/delete-manage-cookies#ie=ie-10\" target=\"_blank\" rel=\"nofollow noopener noreferrer\">http:\/\/windows.microsoft.com\/es-xl\/internet-explorer\/delete-manage-cookies#ie=ie-10<\/a><\/li>\n<li><\/li>\n<li><strong>zorro de fuego<\/strong>:\u00a0<a href=\"https:\/\/support.mozilla.org\/en\/kb\/Delete%20cookies\" target=\"_blank\" rel=\"nofollow noopener noreferrer\">https:\/\/support.mozilla.org\/en\/kb\/Delete%20cookies<\/a><\/li>\n<li><\/li>\n<li><strong>Cromo<\/strong>:\u00a0<a href=\"https:\/\/support.google.com\/chrome\/answer\/95647?hl=es\" target=\"_blank\" rel=\"nofollow noopener noreferrer\">https:\/\/support.google.com\/chrome\/answer\/95647?hl=&#8221;es&#8221;<\/a><\/li>\n<\/ul>","protected":false},"excerpt":{"rendered":"<p>The person in charge of this web page is: CLUTCH TIME SL, with C.I.F. B57302903 and registered office at Calle Pere Escanellas 19, 07830, Sant Josep de Sa Talaia (ILLES BALEARS) You can also contact us through the telephone number\u00a0+00 34 971 80 36 80\u00a0or through the following e-mail:\u00a0Contact Intellectual and Industrial Property The design [&hellip;]<\/p>\n","protected":false},"author":4,"featured_media":0,"parent":0,"menu_order":0,"comment_status":"closed","ping_status":"closed","template":"","meta":{"footnotes":""},"class_list":["post-10605","page","type-page","status-publish","hentry"],"acf":[],"yoast_head":"<!-- This site is optimized with the Yoast SEO plugin v27.5 - https:\/\/yoast.com\/product\/yoast-seo-wordpress\/ -->\n<title>Legal Notice - everything ibiza Properties<\/title>\n<meta name=\"robots\" content=\"index, follow, max-snippet:-1, max-image-preview:large, max-video-preview:-1\" \/>\n<link rel=\"canonical\" href=\"https:\/\/www.everythingibiza.com\/es\/legal-notice\/\" \/>\n<meta property=\"og:locale\" content=\"es_ES\" \/>\n<meta property=\"og:type\" content=\"article\" \/>\n<meta property=\"og:title\" content=\"Legal Notice - everything ibiza Properties\" \/>\n<meta property=\"og:description\" content=\"The person in charge of this web page is: CLUTCH TIME SL, with C.I.F. B57302903 and registered office at Calle Pere Escanellas 19, 07830, Sant Josep de Sa Talaia (ILLES BALEARS) You can also contact us through the telephone number\u00a0+00 34 971 80 36 80\u00a0or through the following e-mail:\u00a0Contact Intellectual and Industrial Property The design [&hellip;]\" \/>\n<meta property=\"og:url\" content=\"https:\/\/www.everythingibiza.com\/es\/legal-notice\/\" \/>\n<meta property=\"og:site_name\" content=\"everything ibiza Properties\" \/>\n<meta property=\"og:image\" content=\"https:\/\/everythingibiza.com\/wp-content\/uploads\/2019\/10\/legal.jpg\" \/>\n<meta name=\"twitter:card\" content=\"summary_large_image\" \/>\n<meta name=\"twitter:label1\" content=\"Est. reading time\" \/>\n\t<meta name=\"twitter:data1\" content=\"11 minutes\" \/>\n<script type=\"application\/ld+json\" class=\"yoast-schema-graph\">{\"@context\":\"https:\\\/\\\/schema.org\",\"@graph\":[{\"@type\":\"WebPage\",\"@id\":\"https:\\\/\\\/www.everythingibiza.com\\\/legal-notice\\\/\",\"url\":\"https:\\\/\\\/www.everythingibiza.com\\\/legal-notice\\\/\",\"name\":\"Legal Notice - everything ibiza Properties\",\"isPartOf\":{\"@id\":\"https:\\\/\\\/www.everythingibiza.com\\\/#website\"},\"primaryImageOfPage\":{\"@id\":\"https:\\\/\\\/www.everythingibiza.com\\\/legal-notice\\\/#primaryimage\"},\"image\":{\"@id\":\"https:\\\/\\\/www.everythingibiza.com\\\/legal-notice\\\/#primaryimage\"},\"thumbnailUrl\":\"https:\\\/\\\/everythingibiza.com\\\/wp-content\\\/uploads\\\/2019\\\/10\\\/legal.jpg\",\"datePublished\":\"2019-10-22T13:11:25+00:00\",\"breadcrumb\":{\"@id\":\"https:\\\/\\\/www.everythingibiza.com\\\/legal-notice\\\/#breadcrumb\"},\"inLanguage\":\"es-ES\",\"potentialAction\":[{\"@type\":\"ReadAction\",\"target\":[\"https:\\\/\\\/www.everythingibiza.com\\\/legal-notice\\\/\"]}]},{\"@type\":\"ImageObject\",\"inLanguage\":\"es-ES\",\"@id\":\"https:\\\/\\\/www.everythingibiza.com\\\/legal-notice\\\/#primaryimage\",\"url\":\"https:\\\/\\\/everythingibiza.com\\\/wp-content\\\/uploads\\\/2019\\\/10\\\/legal.jpg\",\"contentUrl\":\"https:\\\/\\\/everythingibiza.com\\\/wp-content\\\/uploads\\\/2019\\\/10\\\/legal.jpg\"},{\"@type\":\"BreadcrumbList\",\"@id\":\"https:\\\/\\\/www.everythingibiza.com\\\/legal-notice\\\/#breadcrumb\",\"itemListElement\":[{\"@type\":\"ListItem\",\"position\":1,\"name\":\"Home\",\"item\":\"https:\\\/\\\/www.everythingibiza.com\\\/\"},{\"@type\":\"ListItem\",\"position\":2,\"name\":\"Legal Notice\"}]},{\"@type\":\"WebSite\",\"@id\":\"https:\\\/\\\/www.everythingibiza.com\\\/#website\",\"url\":\"https:\\\/\\\/www.everythingibiza.com\\\/\",\"name\":\"everything ibiza Properties\",\"description\":\"Accredited &amp; Trusted Real Estate Agent in Ibiza Since 1999\",\"potentialAction\":[{\"@type\":\"SearchAction\",\"target\":{\"@type\":\"EntryPoint\",\"urlTemplate\":\"https:\\\/\\\/www.everythingibiza.com\\\/?s={search_term_string}\"},\"query-input\":{\"@type\":\"PropertyValueSpecification\",\"valueRequired\":true,\"valueName\":\"search_term_string\"}}],\"inLanguage\":\"es-ES\"}]}<\/script>\n<!-- \/ Yoast SEO plugin. -->","yoast_head_json":{"title":"Legal Notice - everything ibiza Properties","robots":{"index":"index","follow":"follow","max-snippet":"max-snippet:-1","max-image-preview":"max-image-preview:large","max-video-preview":"max-video-preview:-1"},"canonical":"https:\/\/www.everythingibiza.com\/es\/legal-notice\/","og_locale":"es_ES","og_type":"article","og_title":"Legal Notice - everything ibiza Properties","og_description":"The person in charge of this web page is: CLUTCH TIME SL, with C.I.F. B57302903 and registered office at Calle Pere Escanellas 19, 07830, Sant Josep de Sa Talaia (ILLES BALEARS) You can also contact us through the telephone number\u00a0+00 34 971 80 36 80\u00a0or through the following e-mail:\u00a0Contact Intellectual and Industrial Property The design [&hellip;]","og_url":"https:\/\/www.everythingibiza.com\/es\/legal-notice\/","og_site_name":"everything ibiza Properties","og_image":[{"url":"https:\/\/everythingibiza.com\/wp-content\/uploads\/2019\/10\/legal.jpg","type":"","width":"","height":""}],"twitter_card":"summary_large_image","twitter_misc":{"Est. reading time":"11 minutes"},"schema":{"@context":"https:\/\/schema.org","@graph":[{"@type":"WebPage","@id":"https:\/\/www.everythingibiza.com\/legal-notice\/","url":"https:\/\/www.everythingibiza.com\/legal-notice\/","name":"Legal Notice - everything ibiza Properties","isPartOf":{"@id":"https:\/\/www.everythingibiza.com\/#website"},"primaryImageOfPage":{"@id":"https:\/\/www.everythingibiza.com\/legal-notice\/#primaryimage"},"image":{"@id":"https:\/\/www.everythingibiza.com\/legal-notice\/#primaryimage"},"thumbnailUrl":"https:\/\/everythingibiza.com\/wp-content\/uploads\/2019\/10\/legal.jpg","datePublished":"2019-10-22T13:11:25+00:00","breadcrumb":{"@id":"https:\/\/www.everythingibiza.com\/legal-notice\/#breadcrumb"},"inLanguage":"es-ES","potentialAction":[{"@type":"ReadAction","target":["https:\/\/www.everythingibiza.com\/legal-notice\/"]}]},{"@type":"ImageObject","inLanguage":"es-ES","@id":"https:\/\/www.everythingibiza.com\/legal-notice\/#primaryimage","url":"https:\/\/everythingibiza.com\/wp-content\/uploads\/2019\/10\/legal.jpg","contentUrl":"https:\/\/everythingibiza.com\/wp-content\/uploads\/2019\/10\/legal.jpg"},{"@type":"BreadcrumbList","@id":"https:\/\/www.everythingibiza.com\/legal-notice\/#breadcrumb","itemListElement":[{"@type":"ListItem","position":1,"name":"Home","item":"https:\/\/www.everythingibiza.com\/"},{"@type":"ListItem","position":2,"name":"Legal Notice"}]},{"@type":"WebSite","@id":"https:\/\/www.everythingibiza.com\/#website","url":"https:\/\/www.everythingibiza.com\/","name":"todo ibiza Propiedades","description":"Agente inmobiliario acreditado y de confianza en Ibiza desde 1999","potentialAction":[{"@type":"SearchAction","target":{"@type":"EntryPoint","urlTemplate":"https:\/\/www.everythingibiza.com\/?s={search_term_string}"},"query-input":{"@type":"PropertyValueSpecification","valueRequired":true,"valueName":"search_term_string"}}],"inLanguage":"es-ES"}]}},"_links":{"self":[{"href":"https:\/\/www.everythingibiza.com\/es\/wp-json\/wp\/v2\/pages\/10605","targetHints":{"allow":["GET"]}}],"collection":[{"href":"https:\/\/www.everythingibiza.com\/es\/wp-json\/wp\/v2\/pages"}],"about":[{"href":"https:\/\/www.everythingibiza.com\/es\/wp-json\/wp\/v2\/types\/page"}],"author":[{"embeddable":true,"href":"https:\/\/www.everythingibiza.com\/es\/wp-json\/wp\/v2\/users\/4"}],"replies":[{"embeddable":true,"href":"https:\/\/www.everythingibiza.com\/es\/wp-json\/wp\/v2\/comments?post=10605"}],"version-history":[{"count":0,"href":"https:\/\/www.everythingibiza.com\/es\/wp-json\/wp\/v2\/pages\/10605\/revisions"}],"wp:attachment":[{"href":"https:\/\/www.everythingibiza.com\/es\/wp-json\/wp\/v2\/media?parent=10605"}],"curies":[{"name":"wp","href":"https:\/\/api.w.org\/{rel}","templated":true}]}}