{"id":10611,"date":"2019-10-22T14:19:33","date_gmt":"2019-10-22T13:19:33","guid":{"rendered":"https:\/\/trend.agency\/domains\/everythingibiza.com\/\/?page_id=10611"},"modified":"2019-10-22T14:27:13","modified_gmt":"2019-10-22T13:27:13","slug":"aviso-legal","status":"publish","type":"page","link":"https:\/\/www.everythingibiza.com\/es\/aviso-legal\/","title":{"rendered":"Aviso Legal"},"content":{"rendered":"<div data-elementor-type=\"wp-page\" data-elementor-id=\"10611\" class=\"elementor elementor-10611\" data-elementor-post-type=\"page\">\n\t\t\t\t\t\t\t\t\t<section class=\"elementor-section elementor-top-section elementor-element elementor-element-1ceef7e5 elementor-section-boxed elementor-section-height-default elementor-section-height-default\" data-id=\"1ceef7e5\" data-element_type=\"section\">\n\t\t\t\t\t\t<div class=\"elementor-container elementor-column-gap-default\">\n\t\t\t\t\t<div class=\"elementor-column elementor-col-100 elementor-top-column elementor-element elementor-element-3e2d6801\" data-id=\"3e2d6801\" data-element_type=\"column\">\n\t\t\t<div class=\"elementor-widget-wrap elementor-element-populated\">\n\t\t\t\t\t\t\t\t<div class=\"elementor-element elementor-element-c72e872 elementor-widget elementor-widget-image\" data-id=\"c72e872\" data-element_type=\"widget\" data-widget_type=\"image.default\">\n\t\t\t\t<div class=\"elementor-widget-container\">\n\t\t\t\t\t\t\t\t\t\t\t\t\t\t\t<img decoding=\"async\" width=\"272\" height=\"130\" src=\"https:\/\/everythingibiza.lon1.digitaloceanspaces.com\/files\/2019\/10\/legal.jpg\" class=\"attachment-large size-large wp-image-10609\" alt=\"\">\t\t\t\t\t\t\t\t\t\t\t\t\t\t\t<\/div>\n\t\t\t\t<\/div>\n\t\t\t\t<div class=\"elementor-element elementor-element-c15c926 elementor-widget elementor-widget-text-editor\" data-id=\"c15c926\" data-element_type=\"widget\" data-widget_type=\"text-editor.default\">\n\t\t\t\t<div class=\"elementor-widget-container\">\n\t\t\t\t\t\t\t<!-- wp:paragraph -->\n<p>Para cumplir la normativa est\u00e1 obligado a:<\/p>\n<!-- \/wp:paragraph --><!-- wp:list -->\n<ul>\n<li>Incorporar en un lugar visible del sitio web los datos de la empresa titular (requisitos LSSI). La forma m\u00e1s elegante de hacer esto es a\u00f1adir en el pie de p\u00e1gina de la web (com\u00fan a todas las p\u00e1ginas) un enlace a una p\u00e1gina llamada\u00a0<strong>AVISO LEGAL<\/strong>\u00a0que contenga la siguiente informacion:<\/li>\n<\/ul>\n<!-- \/wp:list --><!-- wp:paragraph -->\n<p>\u00a0<\/p>\n<p><strong>AVISO LEGAL:<\/strong><\/p>\n<!-- \/wp:paragraph --><!-- wp:paragraph -->\n<p>\u00a0<\/p>\n<p>El responsable de esta p\u00e1gina web es: CLUTCH TIME SL, sociedad inscrita en el Registro Mercantil de la provincia de ILLES BALEARS, con CIF B57302903 y domicilio social en Calle Pere Escanellas 19, 07830, Sant Josep de Sa Talaia (ILLES BALEARS)<\/p>\n<!-- \/wp:paragraph --><!-- wp:paragraph -->\n<p>Tambi\u00e9n puedes contactar con nosotros a trav\u00e9s del n\u00famero de tel\u00e9fono No.\u00a0<strong>+00 34 971 80 36 80<\/strong>\u00a0oa trav\u00e9s de la siguiente direcci\u00f3n de correo electr\u00f3nico:\u00a0<a href=\"https:\/\/www.everythingibiza.com\/es\/contact.php\/\" target=\"_blank\" rel=\"noreferrer noopener\">Contacte con nosotros<\/a>.<\/p>\n<!-- \/wp:paragraph --><!-- wp:heading {\"level\":3} -->\n<h3>\u00a0<\/h3>\n<h3><strong>Propiedad Intelectual e Industrial<\/strong><\/h3>\n<!-- \/wp:heading --><!-- wp:paragraph -->\n<p>\u00a0<\/p>\n<p>El dise\u00f1o de este sitio web y sus c\u00f3digos fuente, as\u00ed como los logos, marcas y dem\u00e1s signos distintivos que aparecen en el mismo pertenecen a CLUTCH TIME SL y est\u00e1n protegidos por los correspondientes derechos de propiedad intelectual e industrial.<\/p>\n<!-- \/wp:paragraph --><!-- wp:heading {\"level\":3} -->\n<h3>\u00a0<\/h3>\n<h3><strong>Responsabilidad de los contenidos<\/strong><\/h3>\n<!-- \/wp:heading --><!-- wp:paragraph -->\n<p>\u00a0<\/p>\n<p>CLUTCH TIME SL no se hace responsable de la legalidad de otros sitios web de terceros desde los que pueda accederse a esta web. CLUTCH TIME SL tampoco responde por la legalidad de otros sitios web de terceros, que podr\u00edan estar vinculados o enlazados desde esta web.<br \/>CLUTCH TIME SL se reserva el derecho a realizar cambios en el sitio web sin previo aviso, al objeto de mantener actualizada su informaci\u00f3n, a\u00f1adiendo, modificando, corrigiendo o eliminando los contenidos publicados o el dise\u00f1o del portal.<br \/>CLUTCH TIME SL no ser\u00e1 responsable del uso que terceros hagan de la informaci\u00f3n publicada en el portal, ni tampoco de los da\u00f1os sufridos o p\u00e9rdidas econ\u00f3micas que, de forma directa o indirecta, producir\u00e1n o podr\u00e1n producir perjuicios econ\u00f3micos, materiales o sobre datos, provocados por the use of such information.<\/p>\n<p>\u00a0<\/p>\n<!-- \/wp:paragraph --><!-- wp:heading {\"level\":3} -->\n<h3><strong>Reproducci\u00f3n de contenidos<\/strong><\/h3>\n<p>\u00a0<\/p>\n<!-- \/wp:heading --><!-- wp:paragraph -->\n<p>Se proh\u00edbe la reproducci\u00f3n total o parcial de los contenidos publicados en esta web sin la autorizaci\u00f3n previa y por escrito de CLUTCH TIME SL.<\/p>\n<!-- \/wp:paragraph --><!-- wp:paragraph -->\n<p>Toda la informaci\u00f3n relativa a privacidad, la tienes en nuestra Pol\u00edtica de Privacidad.<\/p>\n<!-- \/wp:paragraph --><!-- wp:heading {\"level\":3} -->\n<h3>\u00a0<\/h3>\n<h3>\u00a0<\/h3>\n<h3><strong>POL\u00cdTICA DE PRIVACIDAD:<\/strong><\/h3>\n<!-- \/wp:heading --><!-- wp:heading {\"level\":4} -->\n<h4>\u00a0<\/h4>\n<h4>\u00a0<\/h4>\n<h4><strong>RESPONSABLE DEL TRATAMIENTO<\/strong><\/h4>\n<p>\u00a0<\/p>\n<!-- \/wp:heading --><!-- wp:paragraph -->\n<p>El Responsable del Tratamiento es CLUTCH TIME SL, Calle Pere Escanellas 19, 07830, Sant Josep de Sa Talaia (ILLES BALEARS).<\/p>\n<p>\u00a0<\/p>\n<!-- \/wp:paragraph --><!-- wp:heading {\"level\":3} -->\n<h3><strong>Principios de privacidad<\/strong><\/h3>\n<p>\u00a0<\/p>\n<!-- \/wp:heading --><!-- wp:paragraph -->\n<p>Desde CLUTCH TIME SL nos comprometemos contigo a trabajar continuamente para garantizar la privacidad en el tratamiento de tus datos personales, y para ofrecerte en cada momento la informaci\u00f3n m\u00e1s completa y clara que podamos. Te animamos a leer detenidamente esta secci\u00f3n antes de facilitarnos tus datos personales.<br \/>Si eres menor de catorce a\u00f1os te rogamos que no nos facilites tus datos sin el consentimiento de tus padres.<br \/>En este apartado te informamos de c\u00f3mo tratamos los datos de las personas que tienen relaci\u00f3n con nuestra organizaci\u00f3n. Empezando por nuestros principios:<br \/>\u2013 No solicitamos informaci\u00f3n personal, a no ser que sea necesario para prestar los servicios que nos requieren.<br \/>\u2013 Nunca compartimos informaci\u00f3n personal con nadie, excepto para cumplir la ley, o contemos con tu autorizaci\u00f3n expresa.<br \/>\u2013 Nunca utilizaremos tus datos personales para finalidades distintas a las expresadas en la presente pol\u00edtica de privacidad.<br \/>\u2013 Tus datos siempre ser\u00e1n tratados con un nivel de protecci\u00f3n adecuado a la legislaci\u00f3n en materia de protecci\u00f3n de datos, y no los someteremos a decisiones automatizadas.<br \/><br \/>La presente pol\u00edtica de privacidad la hemos redactado teniendo en cuenta las exigencias de la actual legislaci\u00f3n de protecci\u00f3n de datos:<br \/>\u2013 Reglamento (UE) 2016\/679 del Parlamento Europeo y del Consejo de 27 de abril de 2016 relativo a la protecci\u00f3n de las personas f\u00edsicas (RGPD).<br \/>\u2013 Ley Org\u00e1nica 15\/1999, de 13 de diciembre, de Protecci\u00f3n de Datos de Car\u00e1cter Personal (LOPD).<br \/>\u2013 Real Decreto 1720\/2007, de 21 de diciembre (RLOPD).<br \/><br \/>Esta pol\u00edtica de privacidad est\u00e1 redactada con fecha 25 de mayo de 2018.<br \/>Con motivo de la modificaci\u00f3n de criterios de tratamiento, en aras de facilitar su comprensi\u00f3n o de adaptarla a la legalidad vigente, es posible que modifiquemos la presente pol\u00edtica de privacidad. Actualizaremos la fecha de la misma, para que pueda comprobar su vigencia.<br \/><br \/><\/p>\n<p>\u00a0<\/p>\n<!-- \/wp:paragraph --><!-- wp:heading {\"level\":3} -->\n<h3><strong>Tratamientos que realizamos<\/strong><\/h3>\n<!-- \/wp:heading --><!-- wp:paragraph -->\n<p>\u00a0<\/p>\n<p><br \/>TRATAMIENTO DE<strong>\u00a0CONTACTOS<\/strong><\/p>\n<p>\u00a0<\/p>\n<p><br \/><strong>Finalidad:<\/strong>\u00a0Atender sus solicitudes, peticiones o consultas recibidas desde la web, mediante correo electr\u00f3nico o telef\u00f3nico. Dar respuesta a tu solicitud y hacer un seguimiento posterior.<\/p>\n<p><strong>Legitimaci\u00f3n:<\/strong>\u00a0Consentimiento del interesado.<\/p>\n<p>\u00a0<\/p>\n<p><strong>Destinatarios:<\/strong>\u00a0No se ceder\u00e1n datos a terceros.<\/p>\n<p>\u00a0<\/p>\n<p><strong>Per\u00edodo de conservaci\u00f3n:<\/strong>\u00a0Conservaremos tus datos el tiempo necesario para cumplir con la finalidad para la que se ha recabado y para determinar las posibles responsabilidades que se pueden derivar de dicha finalidad y del tratamiento de los datos.<\/p>\n<p>\u00a0<\/p>\n<p><br \/>TRATAMIENTO DE\u00a0<strong>CLIENTES<\/strong><\/p>\n<p>\u00a0<\/p>\n<p><br \/><strong>Finalidad:<\/strong>\u00a0Gestionar las relaciones con los clientes, facturaci\u00f3n y cobro. Env\u00edo de ofertas de productos\/ servicios similares o complementarios de los que nos hayas comprado.<\/p>\n<p>\u00a0<\/p>\n<p><strong>Legitimaci\u00f3n:<\/strong>\u00a0Relaci\u00f3n contractual e inter\u00e9s leg\u00edtimo.<\/p>\n<p>\u00a0<\/p>\n<p><strong>Destinatarios:<\/strong>\u00a0Tus datos ser\u00e1n comunicados a las Administraciones p\u00fablicas competentes en los casos previstos en la legislaci\u00f3n vigente, y con las multas que dicha legislaci\u00f3n establezca. S\u00f3lo los comunicaremos a terceros si resultan imprescindibles para la prestaci\u00f3n del servicio.<\/p>\n<p>\u00a0<\/p>\n<p><strong>Per\u00edodo de conservaci\u00f3n:<\/strong>\u00a0Conservaremos sus datos por un tiempo indefinido una vez finalice el plazo obligatorio por ley, o hasta que solicite la cancelaci\u00f3n de los mismos.<br \/><br \/><\/p>\n<p>\u00a0<\/p>\n<p>TRATAMIENTO DE\u00a0<strong>M\u00c1RKETING<\/strong><\/p>\n<p>\u00a0<\/p>\n<p>\u00a0<\/p>\n<p><strong>Finalidad:<\/strong>\u00a0Proporcione informaci\u00f3n de productos y servicios que consideremos que puedan ser de su inter\u00e9s. En cada comunicaci\u00f3n comercial tendr\u00e1s la oportunidad de oponerte a este tratamiento d\u00e1ndote de baja.<\/p>\n<p>\u00a0<\/p>\n<p><strong>Legitimaci\u00f3n:<\/strong>\u00a0Consentimiento del interesado.<\/p>\n<p>\u00a0<\/p>\n<p><strong>Destinatarios:<\/strong>\u00a0No se ceder\u00e1n datos a terceros.<\/p>\n<p>\u00a0<\/p>\n<p><strong>Per\u00edodo de conservaci\u00f3n:<\/strong>\u00a0Conservaremos tus datos durante un periodo indefinido. Los cancelaremos si lo solicita, o si tras un cierto n\u00famero de correos electr\u00f3nicos, no realiza ninguna acci\u00f3n.<br \/><br \/><\/p>\n<p>\u00a0<\/p>\n<p>TRATAMIENTO DE\u00a0<strong>RRHH<\/strong><\/p>\n<p>\u00a0<\/p>\n<p><br \/><strong>Finalidad:<\/strong>\u00a0Valorar el curriculum vitae que nos facilita para considerar los procesos de selecci\u00f3n de personal que podamos realizar.<\/p>\n<p>\u00a0<\/p>\n<p><strong>Legitimaci\u00f3n:<\/strong>\u00a0Consentimiento del interesado.<\/p>\n<p>\u00a0<\/p>\n<p><strong>Destinatarios:<\/strong>\u00a0No se ceder\u00e1n datos a terceros.<\/p>\n<p>\u00a0<\/p>\n<p><strong>Per\u00edodo de conservaci\u00f3n:<\/strong>\u00a0Conservaremos sus datos durante un plazo no superior a 5 a\u00f1os.<\/p>\n<p>\u00a0<\/p>\n<p>\u00a0<\/p>\n<p><br \/>TRATAMIENTO DE\u00a0<strong>VIDEOVIGILANCIA<\/strong><\/p>\n<p>\u00a0<\/p>\n<p><br \/><strong>Finalidad:<\/strong>\u00a0Videovigilancia de las instalaciones y control laboral.<\/p>\n<p>\u00a0<\/p>\n<p>\u00a0<\/p>\n<p><strong>Legitimaci\u00f3n:<\/strong>\u00a0Inter\u00e9s leg\u00edtimo del Responsable del tratamiento.<\/p>\n<p>\u00a0<\/p>\n<p>\u00a0<\/p>\n<p><strong>Destinatarios:<\/strong>\u00a0Las im\u00e1genes podr\u00e1n ser comunicadas a las Fuerzas y Cuerpos de Seguridad, a los \u00d3rganos Judiciales y al Ministerio Fiscal.<\/p>\n<p>\u00a0<\/p>\n<p>\u00a0<\/p>\n<p><strong>Per\u00edodo de conservaci\u00f3n:<\/strong>\u00a0Conservaremos sus datos durante un plazo no superior a 1 mes.<br \/><br \/><br \/><\/p>\n<!-- \/wp:paragraph --><!-- wp:heading {\"level\":3} -->\n<h3>\u00a0<\/h3>\n<h3><strong>TUS DERECHOS<\/strong><\/h3>\n<!-- \/wp:heading --><!-- wp:paragraph -->\n<p>\u00a0<\/p>\n<p><br \/>Tienes derecho a solicitarnos una copia de tus datos personales, a rectificar los datos inexactos o completarlos si estuvieren incompletos, o en su caso suprimirlos, cuando ya no sean necesarios para los finos para los que fueron recogidos.<br \/><br \/>Tambi\u00e9n tiene derecho a limitar el tratamiento de sus datos personales ya obtener sus datos personales en un formato estructurado y legible.<br \/><br \/>Puedes oponerte al tratamiento de tus datos personales en algunas circunstancias (en particular, cuando no tengamos que procesarlos para cumplir con un requisito contractual u otro requisito legal, o cuando el objeto del tratamiento sea el marketing directo).<br \/><br \/>Cuando haya otorgado su consentimiento, podr\u00e1 retirarlo en cualquier momento. En ese momento dejaremos de tratar tus datos o, en su caso, dejaremos de hacerlo para esa finalidad en concreto. Si decide retirar su consentimiento, esto no afectar\u00e1 a ning\u00fan tratamiento que haya tenido lugar mientras su consentimiento estaba vigente.<br \/><br \/>Estos derechos podr\u00e1n verse limitados; por ejemplo si para cumplir su solicitud tuvi\u00e9semos que revelar datos sobre otra persona, o si nos solicita que eliminemos algunos registros que estamos obligados a mantener por una obligaci\u00f3n legal o por un inter\u00e9s leg\u00edtimo, como pueda ser el ejercicio de defensa ante reclamaciones. O incluso en aquellos casos donde debe prevalecer el derecho a la libertad de expresi\u00f3n e informaci\u00f3n.<br \/><br \/>Puede contactar con nosotros por cualquiera de los medios indicados en el apartado Responsable del Tratamiento de esta pol\u00edtica de privacidad, aportando una copia de un documento que acredite su identidad (normalmente el DNI).<br \/><br \/>Otro de tus derechos es el de no ser objeto de una decisi\u00f3n basada \u00fanicamente en un tratamiento automatizado, incluida la elaboraci\u00f3n de perfiles que producir\u00e1n efectos jur\u00eddicos o te afectar\u00e1n.<br \/><br \/>Frente a cualquier vulneraci\u00f3n de sus derechos, como, por ejemplo, que no hayamos atendido su solicitud, tiene derecho a presentar una reclamaci\u00f3n ante la Autoridad de Control en materia de protecci\u00f3n de datos. Esta puede ser la de tu pa\u00eds (si vives fuera de Espa\u00f1a) o la Agencia Espa\u00f1ola de Protecci\u00f3n de Datos (si vives en Espa\u00f1a).<\/p>\n<!-- \/wp:paragraph --><!-- wp:heading {\"level\":3} -->\n<h3>\u00a0<\/h3>\n<h3>\u00a0<\/h3>\n<h3><strong>informaci\u00f3n adicional<\/strong><\/h3>\n<p>\u00a0<\/p>\n<p>\u00a0<\/p>\n<!-- \/wp:heading --><!-- wp:paragraph -->\n<p><strong>Tratamiento de tus datos fuera del Espacio Econ\u00f3mico Europeo.<\/strong><\/p>\n<p><br \/>Para los tratamientos indicados podemos utilizar el servicio de los siguientes proveedores ajenos al Espacio Econ\u00f3mico Europeo, pero aceptados al acuerdo de Privacy Shield, aprobado por las autoridades de protecci\u00f3n de datos de la Uni\u00f3n Europea.<br \/><br \/><strong>GOOGLE:<\/strong>\u00a0Servicios en la nube y correo electronico. M\u00e1s informaci\u00f3n:\u00a0<a href=\"https:\/\/www.privacyshield.gov\/participant?id=a2zt000000001L5AAI\" target=\"_blank\" rel=\"noreferrer noopener\">https:\/\/www.privacyshield.gov\/participant?id=a2zt000000001L5AAI<\/a><\/p>\n<p>\u00a0<\/p>\n<p><strong>MICROSOFT:<\/strong>\u00a0Servicios en la nube, comunicaci\u00f3n v\u00eda Skype y correo electr\u00f3nico. M\u00e1s informaci\u00f3n:\u00a0<a href=\"https:\/\/www.privacyshield.gov\/participant?id=a2zt0000000KzNaAAK\" target=\"_blank\" rel=\"noreferrer noopener\">https:\/\/www.privacyshield.gov\/participant?id=a2zt0000000KzNaAAK<\/a><\/p>\n<p>\u00a0<\/p>\n<p><strong>AMAZONAS:<\/strong>\u00a0Servicios en la nube. M\u00e1s informaci\u00f3n:\u00a0<a href=\"https:\/\/www.privacyshield.gov\/participant?id=a2zt0000000TOWQAA4\" target=\"_blank\" rel=\"noreferrer noopener\">https:\/\/www.privacyshield.gov\/participant?id=a2zt0000000TOWQAA4<\/a><\/p>\n<p>\u00a0<\/p>\n<p><strong>BUZ\u00d3N:<\/strong>\u00a0Almacenamiento en la nube, brillo y comparticion de archivos. M\u00e1s informaci\u00f3n:\u00a0<a href=\"https:\/\/www.privacyshield.gov\/participant?id=a2zt0000000GnCLAA0\" target=\"_blank\" rel=\"noreferrer noopener\">https:\/\/www.privacyshield.gov\/participant?id=a2zt0000000GnCLAA0<\/a><\/p>\n<p>\u00a0<\/p>\n<p><strong>CORREOCHIMP:<\/strong>\u00a0Gesti\u00f3n de env\u00edos de correos electr\u00f3nicos. M\u00e1s informaci\u00f3n:\u00a0<a href=\"https:\/\/www.privacyshield.gov\/participant?id=a2zt0000000TO6hAAG\" target=\"_blank\" rel=\"noreferrer noopener\">https:\/\/www.privacyshield.gov\/participant?id=a2zt0000000TO6hAAG<\/a><\/p>\n<p>\u00a0<\/p>\n<p><strong>WHATSAPP:<\/strong>\u00a0Servicio de mensajer\u00eda instant\u00e1nea y env\u00edo de archivos. M\u00e1s informaci\u00f3n:\u00a0<a href=\"https:\/\/www.privacyshield.gov\/participant?id=a2zt0000000TSnwAAG\" target=\"_blank\" rel=\"noreferrer noopener\">https:\/\/www.privacyshield.gov\/participant?id=a2zt0000000TSnwAAG<\/a><br \/><br \/><br \/><strong>Enlaces a sitios web de terceros.<\/strong><\/p>\n<p><br \/>Nuestro sitio web puede, en algunas ocasiones, contener enlaces hacia otros sitios web. Es tu responsabilidad asegurarte de leer la pol\u00edtica de protecci\u00f3n de datos y las condiciones legales que se aplican a cada sitio.<br \/><br \/><strong>Datos de terceros.<\/strong><\/p>\n<p><br \/>Si nos facilita datos de terceros, asume la responsabilidad de informarles previamente seg\u00fan lo establecido en el art\u00edculo 14 del RGPD.<\/p>\n<p>\u00a0<\/p>\n<!-- \/wp:paragraph --><!-- wp:paragraph -->\n<p><strong>FORMULARIO DE CONTACTO:<\/strong><\/p>\n<p>\u00a0<\/p>\n<p>\u00a0<\/p>\n<!-- \/wp:paragraph --><!-- wp:paragraph -->\n<p>Los datos de car\u00e1cter personal que consten en la consulta ser\u00e1n tratados por CLUTCH TIME SL e incorporados a la actividad de CONTACTOS, cuya finalidad es atender sus solicitudes, peticiones o consultas recibidas tratamiento desde la web, mediante correo electr\u00f3nico o telef\u00f3nico. Dar respuesta a tu solicitud y hacer un seguimiento posterior.<br \/>La legitimaci\u00f3n del tratamiento es tu consentimiento. Tus datos no ser\u00e1n cedidos a terceros. Tienes derecho a acceder, rectificar y suprimir tus datos, as\u00ed como otros derechos como se explica en nuestra pol\u00edtica de privacidad.<\/p>\n<p>\u00a0<\/p>\n<!-- \/wp:paragraph --><!-- wp:paragraph -->\n<p><strong>FORMULARIO DE CAPTACI\u00d3N DE EMAILS PARA ENVIO DE COMUNICACIONES COMERCIALES:<\/strong><\/p>\n<p>\u00a0<\/p>\n<p>\u00a0<\/p>\n<!-- \/wp:paragraph --><!-- wp:paragraph -->\n<p>Tus datos ser\u00e1n tratados por CLUTCH TIME SL, con la finalidad de enviarte informaci\u00f3n comercial mediante correo electr\u00f3nico o telef\u00f3nico, de aquellos productos o servicios que consideremos que puedan ser de tu inter\u00e9s.<br \/>La legitimaci\u00f3n del tratamiento es tu consentimiento, que podr\u00e1s retirar en cualquier momento. Tus datos no ser\u00e1n cedidos a terceros. Tienes derecho a acceder, rectificar y suprimir tus datos, as\u00ed como otros derechos como se explica en nuestra pol\u00edtica de privacidad.<\/p>\n<p>\u00a0<\/p>\n<!-- \/wp:paragraph --><!-- wp:paragraph -->\n<p><strong>FORMULARIO DE CAPTACI\u00d3N DE EMAILS PARA ENVIO DE BOLET\u00cdN INFORMATIVO (Newsletter):<\/strong><\/p>\n<p>\u00a0<\/p>\n<p>\u00a0<\/p>\n<!-- \/wp:paragraph --><!-- wp:paragraph -->\n<p>Tus datos ser\u00e1n tratados por CLUTCH TIME SL, con la finalidad de enviarte nuestros boletines informativos a tu correo electr\u00f3nico.<br \/>La legitimaci\u00f3n del tratamiento es tu consentimiento, que podr\u00e1s retirar en cualquier momento. Tus datos no ser\u00e1n cedidos a terceros. Tienes derecho a acceder, rectificar y suprimir tus datos, as\u00ed como otros derechos como se explica en nuestra pol\u00edtica de privacidad.<\/p>\n<p>\u00a0<\/p>\n<!-- \/wp:paragraph --><!-- wp:heading {\"level\":3} -->\n<h3><strong>POL\u00cdTICA DE COOKIES:<\/strong><\/h3>\n<p>\u00a0<\/p>\n<p>\u00a0<\/p>\n<p>\u00a0<\/p>\n<!-- \/wp:heading --><!-- wp:paragraph -->\n<p><strong>INFORMACI\u00d3N DE COOKIES:<\/strong><\/p>\n<p>\u00a0<\/p>\n<p><br \/>Las cookies son archivos que se pueden descargar en su equipo a trav\u00e9s de las p\u00e1ginas web. Son herramientas que tienen un papel esencial para la prestaci\u00f3n de numerosos servicios de la sociedad de la informaci\u00f3n. Entre otros, permitir a una p\u00e1gina web almacenar y recuperar informaci\u00f3n sobre los h\u00e1bitos de navegaci\u00f3n de un usuario o de su equipo y, dependiendo de la informaci\u00f3n obtenida, se pueden utilizar para reconocer al usuario y mejorar el servicio ofrecido.<\/p>\n<p>\u00a0<\/p>\n<!-- \/wp:paragraph --><!-- wp:paragraph -->\n<p><strong>TIPOS DE COOKIES:<\/strong><\/p>\n<p>\u00a0<\/p>\n<p><br \/>Seg\u00fan quien sea la entidad que gestione el dominio desde donde se env\u00eden las cookies y trate los datos que se obtengan se pueden distinguir dos tipos: cookies propias y cookies de terceros.<br \/>Existe tambi\u00e9n una segunda clasificaci\u00f3n seg\u00fan el plazo de tiempo que permanecer\u00e1n perdidos en el navegador del cliente, pudiendo tratarse de cookies de sesi\u00f3n o cookies persistentes.<br \/>Por \u00faltimo, existe otra clasificaci\u00f3n con cinco tipos de cookies seg\u00fan la finalidad para la que se traten los datos obtenidos: cookies t\u00e9cnicas, cookies de personalizaci\u00f3n, cookies de an\u00e1lisis, cookies publicitarias y cookies de publicidad comportamental.<\/p>\n<p>\u00a0<\/p>\n<!-- \/wp:paragraph --><!-- wp:paragraph -->\n<p><strong>COOKIES UTILIZADAS EN LA WEB:<\/strong><\/p>\n<p><br \/>A continuaci\u00f3n se identifican las cookies que est\u00e1n siendo utilizadas en este portal as\u00ed como su tipolog\u00eda y funci\u00f3n:<br \/>Una cookie propia de tipo t\u00e9cnico denominada PHPSESSID necesaria para la correcta navegaci\u00f3n por las p\u00e1ginas web.<br \/>Cookies de Google Analytics, un servicio de anal\u00edtica web desarrollado por Google, que permite la medici\u00f3n y an\u00e1lisis de la navegaci\u00f3n en las p\u00e1ginas web. En su navegador podr\u00e1 observar 4 cookies de este servicio. Seg\u00fan la tipolog\u00eda anterior se trata de cookies propias, de sesi\u00f3n y de an\u00e1lisis. Puede encontrar m\u00e1s informaci\u00f3n al respecto e inhabilitar el uso de estas cookies en:<br \/><a target=\"_blank\" rel=\"noreferrer noopener\">http:\/\/www.google.es\/intl\/es_ALL\/analytics\/learn\/privacy.html<\/a><br \/>A trav\u00e9s de la web anal\u00edtica no se obtiene informaci\u00f3n sobre sus datos personales garantizando la tutela de la privacidad de las personas que navegan por la web. La informaci\u00f3n que se obtiene es la relativa al n\u00famero de usuarios que acceden a la web, el n\u00famero de p\u00e1ginas vistas, la frecuencia y repetici\u00f3n de las visitas, su duraci\u00f3n, el navegador utilizado, el operador que presta el servicio, el idioma, el terminal que utiliza, o la ciudad a la que est\u00e1 prestando su direcci\u00f3n IP. Informaci\u00f3n que posibilita un mejor y m\u00e1s apropiado servicio por parte de este portal.<\/p>\n<p>\u00a0<\/p>\n<!-- \/wp:paragraph --><!-- wp:paragraph -->\n<p><strong>COMO MODIFICAR LA CONFIGURACION DE LAS COOKIES:<\/strong>\u00a0<\/p>\n<p>\u00a0<\/p>\n<!-- \/wp:paragraph --><!-- wp:paragraph -->\n<p><br \/>Usted puede restringir, bloquear o borrar las cookies de este sitio o cualquier otra p\u00e1gina web, utilizando su navegador. En cada navegador la operativa diferente, la funci\u00f3n de Ayuda le muestra c\u00f3mo hacerlo.<\/p>\n<!-- \/wp:paragraph --><!-- wp:list -->\n<ul>\n<li>Explorador de Internet:\u00a0<a href=\"http:\/\/windows.microsoft.com\/es-xl\/internet-explorer\/delete-manage-cookies#ie=ie-10\" target=\"_blank\" rel=\"noreferrer noopener\">http:\/\/windows.microsoft.com\/es-xl\/internet-explorer\/delete-manage-cookies#ie=ie-10<\/a><\/li>\n<li>zorro de fuego:\u00a0<a href=\"https:\/\/support.mozilla.org\/es\/kb\/Borrar%20cookies\" target=\"_blank\" rel=\"noreferrer noopener\">https:\/\/support.mozilla.org\/es\/kb\/Borrar%20cookies<\/a><\/li>\n<li>Cromo:\u00a0<a href=\"https:\/\/support.google.com\/chrome\/answer\/95647?hl=es\" target=\"_blank\" rel=\"noreferrer noopener\">https:\/\/support.google.com\/chrome\/answer\/95647?hl=es<\/a><\/li>\n<\/ul>\n<!-- \/wp:list -->\t\t\t\t\t\t<\/div>\n\t\t\t\t<\/div>\n\t\t\t\t\t<\/div>\n\t\t<\/div>\n\t\t\t\t\t\t\t<\/div>\n\t\t<\/section>\n\t\t\t\t\t\t\t<\/div>","protected":false},"excerpt":{"rendered":"<p>Para cumplir la normativa est\u00e1 obligado a: Incorporar en un lugar visible del sitio web los datos de la empresa titular (requisitos LSSI). La forma m\u00e1s elegante de hacer esto es a\u00f1adir en el p\u00ede de p\u00e1gina de la web (com\u00fan a todas las p\u00e1ginas) un enlace a una p\u00e1gina llamada AVISO LEGAL que contenga la siguiente <a href=\"https:\/\/www.everythingibiza.com\/es\/aviso-legal\/\" class=\"more-link\">...<span class=\"screen-reader-text\">  Aviso Legal<\/span><\/a><\/p>","protected":false},"author":4,"featured_media":0,"parent":0,"menu_order":0,"comment_status":"closed","ping_status":"closed","template":"","meta":{"_acf_changed":false,"footnotes":""},"class_list":["post-10611","page","type-page","status-publish","hentry"],"acf":[],"_links":{"self":[{"href":"https:\/\/www.everythingibiza.com\/es\/wp-json\/wp\/v2\/pages\/10611","targetHints":{"allow":["GET"]}}],"collection":[{"href":"https:\/\/www.everythingibiza.com\/es\/wp-json\/wp\/v2\/pages"}],"about":[{"href":"https:\/\/www.everythingibiza.com\/es\/wp-json\/wp\/v2\/types\/page"}],"author":[{"embeddable":true,"href":"https:\/\/www.everythingibiza.com\/es\/wp-json\/wp\/v2\/users\/4"}],"replies":[{"embeddable":true,"href":"https:\/\/www.everythingibiza.com\/es\/wp-json\/wp\/v2\/comments?post=10611"}],"version-history":[{"count":0,"href":"https:\/\/www.everythingibiza.com\/es\/wp-json\/wp\/v2\/pages\/10611\/revisions"}],"wp:attachment":[{"href":"https:\/\/www.everythingibiza.com\/es\/wp-json\/wp\/v2\/media?parent=10611"}],"curies":[{"name":"wp","href":"https:\/\/api.w.org\/{rel}","templated":true}]}}