{"id":58103,"date":"2026-04-23T10:18:17","date_gmt":"2026-04-23T09:18:17","guid":{"rendered":"https:\/\/everythingibiza.com\/?page_id=58103"},"modified":"2026-04-27T11:26:22","modified_gmt":"2026-04-27T10:26:22","slug":"private-listings","status":"publish","type":"page","link":"https:\/\/www.everythingibiza.com\/es\/private-listings\/","title":{"rendered":"Listados privados"},"content":{"rendered":"<p><img decoding=\"async\" src=\"https:\/\/www.everythingibiza.com\/wp-content\/uploads\/2019\/08\/PANCALADHORTPUESTA-7503-copia.jpg\" alt=\"PANCALADHORTPUESTA-7503 copia\" \/><\/p>\n<h5><\/h5>\n<p><img decoding=\"async\" src=\"https:\/\/www.everythingibiza.com\/wp-content\/uploads\/2019\/08\/SES_ROQUES_2014-2624-copia.jpg\" alt=\"SES_ROQUES_2014-2624 copia\" \/><\/p>\n<h5><\/h5>\n<h2>COMERCIAL<\/h2>\n<h2>PROPIEDAD<\/h2>\n<h2>Propiedad comercial<\/h2>\n<p>Crear un nuevo negocio en Ibiza o continuar con uno ya existente es una aventura muy emocionante. El local comercial y la ubicaci\u00f3n son dos elementos clave para el \u00e9xito de cualquier negocio.<\/p>\n<p>Adem\u00e1s de todo tipo de propiedades residenciales en Ibiza, tambi\u00e9n tenemos algunas atractivas propiedades comerciales disponibles para comprar o alquilar. Por favor, utilice nuestra herramienta de b\u00fasqueda aqu\u00ed en el sitio web para navegar a trav\u00e9s de los locales comerciales.<\/p>\n<p>Puede ser que actualmente no tengamos el local en Ibiza adecuado para usted y su negocio, as\u00ed que si ese es el caso, p\u00f3ngase en contacto con uno de nuestros asesores de confianza rellenando nuestro formulario de consulta.<\/p>\n<p>Para que podamos ayudarle de forma r\u00e1pida y eficaz, ind\u00edquenos todo lo que pueda sobre la ubicaci\u00f3n que prefiere para su empresa, el tipo de negocio que desea crear y si desea comprar o alquilar el local.<\/p>\n<h2>Ponte en contacto con nosotros<\/h2>\n<h2>Seguir<\/h2>\n<h2>nosotros en instagram<\/h2>\n<p>Error al validar el token de acceso: La sesi\u00f3n se ha invalidado porque el usuario cambi\u00f3 su contrase\u00f1a o Facebook cambi\u00f3 la sesi\u00f3n por razones de seguridad.<\/p>","protected":false},"excerpt":{"rendered":"<p>COMMERCIAL\u200b PROPERTY Commercial Property Creating a new business in Ibiza or continuing an existing one is a very exciting venture. The business premises and the location are two key elements to the success of any business. As well as all types of residential properties in Ibiza, we also have some attractive Commercial Properties available to [&hellip;]<\/p>\n","protected":false},"author":9,"featured_media":0,"parent":0,"menu_order":0,"comment_status":"closed","ping_status":"closed","template":"","meta":{"footnotes":""},"class_list":["post-58103","page","type-page","status-publish","hentry"],"acf":[],"_links":{"self":[{"href":"https:\/\/www.everythingibiza.com\/es\/wp-json\/wp\/v2\/pages\/58103","targetHints":{"allow":["GET"]}}],"collection":[{"href":"https:\/\/www.everythingibiza.com\/es\/wp-json\/wp\/v2\/pages"}],"about":[{"href":"https:\/\/www.everythingibiza.com\/es\/wp-json\/wp\/v2\/types\/page"}],"author":[{"embeddable":true,"href":"https:\/\/www.everythingibiza.com\/es\/wp-json\/wp\/v2\/users\/9"}],"replies":[{"embeddable":true,"href":"https:\/\/www.everythingibiza.com\/es\/wp-json\/wp\/v2\/comments?post=58103"}],"version-history":[{"count":2,"href":"https:\/\/www.everythingibiza.com\/es\/wp-json\/wp\/v2\/pages\/58103\/revisions"}],"predecessor-version":[{"id":58566,"href":"https:\/\/www.everythingibiza.com\/es\/wp-json\/wp\/v2\/pages\/58103\/revisions\/58566"}],"wp:attachment":[{"href":"https:\/\/www.everythingibiza.com\/es\/wp-json\/wp\/v2\/media?parent=58103"}],"curies":[{"name":"wp","href":"https:\/\/api.w.org\/{rel}","templated":true}]}}