{"id":808,"date":"2019-08-19T09:01:59","date_gmt":"2019-08-19T08:01:59","guid":{"rendered":"https:\/\/trend.agency\/domains\/everythingibiza.com\/\/?page_id=808"},"modified":"2024-12-13T15:40:33","modified_gmt":"2024-12-13T15:40:33","slug":"sell-a-property","status":"publish","type":"page","link":"https:\/\/www.everythingibiza.com\/es\/sell-a-property\/","title":{"rendered":"Vender una propiedad"},"content":{"rendered":"<div data-elementor-type=\"wp-page\" data-elementor-id=\"808\" class=\"elementor elementor-808\" data-elementor-post-type=\"page\">\n\t\t\t\t\t\t\t\t\t<section class=\"elementor-section elementor-top-section elementor-element elementor-element-c708a4e elementor-section-full_width elementor-section-height-default elementor-section-height-default\" data-id=\"c708a4e\" data-element_type=\"section\">\n\t\t\t\t\t\t<div class=\"elementor-container elementor-column-gap-default\">\n\t\t\t\t\t<div class=\"elementor-column elementor-col-100 elementor-top-column elementor-element elementor-element-d53f716\" data-id=\"d53f716\" data-element_type=\"column\">\n\t\t\t<div class=\"elementor-widget-wrap elementor-element-populated\">\n\t\t\t\t\t\t\t\t<div class=\"elementor-element elementor-element-0c8b163 elementor-widget elementor-widget-jet-slider\" data-id=\"0c8b163\" data-element_type=\"widget\" data-widget_type=\"jet-slider.default\">\n\t\t\t\t<div class=\"elementor-widget-container\">\n\t\t\t<div class=\"elementor-jet-slider jet-elements\">\n<div class=\"jet-slider jet-slider__image-exact\" data-settings='{\"sliderWidth\":{\"unit\":\"%\",\"size\":100,\"sizes\":[]},\"sliderHeight\":{\"unit\":\"vh\",\"size\":55,\"sizes\":[]},\"sliderHeightTablet\":null,\"sliderHeightMobile\":null,\"sliderNavigation\":true,\"sliderNavigationIcon\":\"jet-slider__arrow-icon-0c8b163\",\"sliderNaviOnHover\":false,\"sliderPagination\":false,\"sliderAutoplay\":true,\"sliderAutoplayDelay\":5000,\"sliderAutoplayOnHover\":\"pause\",\"sliderFullScreen\":false,\"sliderFullscreenIcon\":\"jet-slider__fullscreen-icon-0c8b163\",\"sliderShuffle\":false,\"sliderLoop\":true,\"sliderFadeMode\":true,\"slideDistance\":{\"unit\":\"px\",\"size\":0,\"sizes\":[]},\"slideDuration\":500,\"imageScaleMode\":\"exact\",\"thumbnails\":false,\"thumbnailWidth\":120,\"thumbnailWidthTablet\":null,\"thumbnailWidthMobile\":null,\"thumbnailHeight\":80,\"thumbnailHeightTablet\":null,\"thumbnailHeightMobile\":null,\"rightToLeft\":false,\"touchswipe\":true}'>\n\t\n<div class=\"slider-pro\"><div class=\"jet-slider__arrow-icon-0c8b163 hidden-html\"><i aria-hidden=\"true\" class=\"fas fa-angle-left\"><\/i><\/div><div class=\"jet-slider__fullscreen-icon-0c8b163 hidden-html\"><\/div><div class=\"jet-slider__items sp-slides\">\n\n<div  class=\"jet-slider__item sp-slide\"><img decoding=\"async\" class=\"sp-image\" src=\"https:\/\/everythingibiza.lon1.digitaloceanspaces.com\/files\/2019\/10\/DSC_0082.jpg\" alt=\"Sell Slider 1\"><div class=\"jet-slider__content sp-layer\" data-position=\"centerCenter\" data-width=\"100%\" data-height=\"100%\" data-horizontal=\"0%\" data-show-transition=\"left\" data-show-duration=\"400\" data-show-delay=\"400\">\n\t\t<div class=\"jet-slider__content-item\">\n\t\t\t<div class=\"jet-slider__content-inner\"><h5 class=\"jet-slider__title\">  <\/h5>\n\t\t\t\t\t\t<div class=\"jet-slider__button-wrapper\">\t\t\t\t\t\t<\/div><\/div>\n\t\t<\/div>\n\t<\/div>\n<\/div>\n\n<div  class=\"jet-slider__item sp-slide\"><img decoding=\"async\" class=\"sp-image\" src=\"https:\/\/everythingibiza.lon1.digitaloceanspaces.com\/files\/2019\/10\/back-09.jpg\" alt=\"Sell Slider 4\"><div class=\"jet-slider__content sp-layer\" data-position=\"centerCenter\" data-width=\"100%\" data-height=\"100%\" data-horizontal=\"0%\" data-show-transition=\"left\" data-show-duration=\"400\" data-show-delay=\"400\">\n\t\t<div class=\"jet-slider__content-item\">\n\t\t\t<div class=\"jet-slider__content-inner\"><h5 class=\"jet-slider__title\"> <\/h5>\n\t\t\t\t\t\t<div class=\"jet-slider__button-wrapper\">\t\t\t\t\t\t<\/div><\/div>\n\t\t<\/div>\n\t<\/div>\n<\/div>\n\n<\/div>\n<\/div>\n<\/div>\n<\/div>\t\t<\/div>\n\t\t\t\t<\/div>\n\t\t\t\t\t<\/div>\n\t\t<\/div>\n\t\t\t\t\t\t\t<\/div>\n\t\t<\/section>\n\t\t\t\t<section class=\"elementor-section elementor-top-section elementor-element elementor-element-c2e686b elementor-section-boxed elementor-section-height-default elementor-section-height-default\" data-id=\"c2e686b\" data-element_type=\"section\" data-settings=\"{&quot;background_background&quot;:&quot;classic&quot;}\">\n\t\t\t\t\t\t\t<div class=\"elementor-background-overlay\"><\/div>\n\t\t\t\t\t\t\t<div class=\"elementor-container elementor-column-gap-default\">\n\t\t\t\t\t<div class=\"elementor-column elementor-col-100 elementor-top-column elementor-element elementor-element-20806ee\" data-id=\"20806ee\" data-element_type=\"column\">\n\t\t\t<div class=\"elementor-widget-wrap elementor-element-populated\">\n\t\t\t\t\t\t\t\t<div class=\"elementor-element elementor-element-2d07d39 elementor-widget elementor-widget-heading\" data-id=\"2d07d39\" data-element_type=\"widget\" data-widget_type=\"heading.default\">\n\t\t\t\t<div class=\"elementor-widget-container\">\n\t\t\t<h2 class=\"elementor-heading-title elementor-size-default\">Vender<\/h2>\t\t<\/div>\n\t\t\t\t<\/div>\n\t\t\t\t<div class=\"elementor-element elementor-element-05d13e1 elementor-widget elementor-widget-heading\" data-id=\"05d13e1\" data-element_type=\"widget\" data-widget_type=\"heading.default\">\n\t\t\t\t<div class=\"elementor-widget-container\">\n\t\t\t<h2 class=\"elementor-heading-title elementor-size-default\">su propiedad en ibiza<\/h2>\t\t<\/div>\n\t\t\t\t<\/div>\n\t\t\t\t\t<\/div>\n\t\t<\/div>\n\t\t\t\t\t\t\t<\/div>\n\t\t<\/section>\n\t\t\t\t<section class=\"elementor-section elementor-top-section elementor-element elementor-element-c5eb748 elementor-section-boxed elementor-section-height-default elementor-section-height-default\" data-id=\"c5eb748\" data-element_type=\"section\">\n\t\t\t\t\t\t<div class=\"elementor-container elementor-column-gap-default\">\n\t\t\t\t\t<div class=\"elementor-column elementor-col-50 elementor-top-column elementor-element elementor-element-4e9a7d5\" data-id=\"4e9a7d5\" data-element_type=\"column\">\n\t\t\t<div class=\"elementor-widget-wrap elementor-element-populated\">\n\t\t\t\t\t\t\t\t<div class=\"elementor-element elementor-element-eb0a51e elementor-widget elementor-widget-heading\" data-id=\"eb0a51e\" data-element_type=\"widget\" data-widget_type=\"heading.default\">\n\t\t\t\t<div class=\"elementor-widget-container\">\n\t\t\t<h2 class=\"elementor-heading-title elementor-size-default\">Conocimiento, experiencia y confianza<\/h2>\t\t<\/div>\n\t\t\t\t<\/div>\n\t\t\t\t<div class=\"elementor-element elementor-element-ed5405f elementor-widget-divider--view-line elementor-widget elementor-widget-divider\" data-id=\"ed5405f\" data-element_type=\"widget\" data-widget_type=\"divider.default\">\n\t\t\t\t<div class=\"elementor-widget-container\">\n\t\t\t\t\t<div class=\"elementor-divider\">\n\t\t\t<span class=\"elementor-divider-separator\">\n\t\t\t\t\t\t<\/span>\n\t\t<\/div>\n\t\t\t\t<\/div>\n\t\t\t\t<\/div>\n\t\t\t\t<div class=\"elementor-element elementor-element-21a5e63 elementor-widget elementor-widget-text-editor\" data-id=\"21a5e63\" data-element_type=\"widget\" data-widget_type=\"text-editor.default\">\n\t\t\t\t<div class=\"elementor-widget-container\">\n\t\t\t\t\t\t\t<p><strong>VALORACI\u00d3N GRATUITA DE TU INMUEBLE<\/strong><\/p>\t\t\t\t\t\t<\/div>\n\t\t\t\t<\/div>\n\t\t\t\t<div class=\"elementor-element elementor-element-36b12ba elementor-icon-list--layout-traditional elementor-list-item-link-full_width elementor-widget elementor-widget-icon-list\" data-id=\"36b12ba\" data-element_type=\"widget\" data-widget_type=\"icon-list.default\">\n\t\t\t\t<div class=\"elementor-widget-container\">\n\t\t\t\t\t<ul class=\"elementor-icon-list-items\">\n\t\t\t\t\t\t\t<li class=\"elementor-icon-list-item\">\n\t\t\t\t\t\t\t\t\t\t\t<span class=\"elementor-icon-list-icon\">\n\t\t\t\t\t\t\t<i aria-hidden=\"true\" class=\"fas fa-dot-circle\"><\/i>\t\t\t\t\t\t<\/span>\n\t\t\t\t\t\t\t\t\t\t<span class=\"elementor-icon-list-text\">everything ibiza Properties es una empresa de confianza con muchos, muchos a\u00f1os de conocimiento local y experiencia en la venta de propiedades inmobiliarias en Ibiza.&nbsp;<br><\/span>\n\t\t\t\t\t\t\t\t\t<\/li>\n\t\t\t\t\t\t\t\t<li class=\"elementor-icon-list-item\">\n\t\t\t\t\t\t\t\t\t\t\t<span class=\"elementor-icon-list-icon\">\n\t\t\t\t\t\t\t<i aria-hidden=\"true\" class=\"fas fa-dot-circle\"><\/i>\t\t\t\t\t\t<\/span>\n\t\t\t\t\t\t\t\t\t\t<span class=\"elementor-icon-list-text\"><p style=\"font-style: normal; font-variant-ligatures: normal; font-variant-caps: normal; font-weight: 400; font-size: 16px; font-family: Lato, sans-serif; white-space: normal;\">Nuestro Tasador interno de propiedad t\u00e9cnicamente certificado por ABAI\/ADPI visitar\u00e1 su propiedad para brindarle una <b>Valoraci\u00f3n gratuita<\/b>. Le ayudaremos a establecer y lograr el mejor precio de venta posible.<span style=\"white-space: pre-wrap;\">&nbsp;<\/span><span style=\"white-space: pre-wrap;\"><\/span><\/p><\/span>\n\t\t\t\t\t\t\t\t\t<\/li>\n\t\t\t\t\t\t\t\t<li class=\"elementor-icon-list-item\">\n\t\t\t\t\t\t\t\t\t\t\t<span class=\"elementor-icon-list-icon\">\n\t\t\t\t\t\t\t<i aria-hidden=\"true\" class=\"fas fa-dot-circle\"><\/i>\t\t\t\t\t\t<\/span>\n\t\t\t\t\t\t\t\t\t\t<span class=\"elementor-icon-list-text\"><span style=\"font-family: Lato, sans-serif; font-size: 16px; font-style: normal; font-variant-ligatures: normal; font-variant-caps: normal; font-weight: 400; white-space: normal;\">Todos nuestros asesores de confianza son biling\u00fces en el idioma espa\u00f1ol tanto hablado como escrito.<\/span><br><\/span>\n\t\t\t\t\t\t\t\t\t<\/li>\n\t\t\t\t\t\t\t\t<li class=\"elementor-icon-list-item\">\n\t\t\t\t\t\t\t\t\t\t\t<span class=\"elementor-icon-list-icon\">\n\t\t\t\t\t\t\t<i aria-hidden=\"true\" class=\"fas fa-dot-circle\"><\/i>\t\t\t\t\t\t<\/span>\n\t\t\t\t\t\t\t\t\t\t<span class=\"elementor-icon-list-text\"><span style=\"font-family: Lato, sans-serif; font-size: 16px; font-style: normal; font-variant-ligatures: normal; font-variant-caps: normal; font-weight: 400; white-space: normal;\">Le ayudaremos en cada paso del camino con toda la administraci\u00f3n local para cotejar y presentar la documentaci\u00f3n de su propiedad de manera eficiente y correcta.<\/span><br><\/span>\n\t\t\t\t\t\t\t\t\t<\/li>\n\t\t\t\t\t\t\t\t<li class=\"elementor-icon-list-item\">\n\t\t\t\t\t\t\t\t\t\t\t<span class=\"elementor-icon-list-icon\">\n\t\t\t\t\t\t\t<i aria-hidden=\"true\" class=\"fas fa-dot-circle\"><\/i>\t\t\t\t\t\t<\/span>\n\t\t\t\t\t\t\t\t\t\t<span class=\"elementor-icon-list-text\"><span style=\"font-family: Lato, sans-serif; font-size: 16px; font-style: normal; font-variant-ligatures: normal; font-variant-caps: normal; font-weight: 400; white-space: normal;\">Utilizaremos nuestras habilidades en el marketing de comercio electr\u00f3nico y en las redes sociales para asegurarnos de que su propiedad tenga el mayor alcance posible en el mercado.<\/span><\/span>\n\t\t\t\t\t\t\t\t\t<\/li>\n\t\t\t\t\t\t<\/ul>\n\t\t\t\t<\/div>\n\t\t\t\t<\/div>\n\t\t\t\t<div class=\"elementor-element elementor-element-6cf83d0 elementor-widget elementor-widget-image\" data-id=\"6cf83d0\" data-element_type=\"widget\" data-widget_type=\"image.default\">\n\t\t\t\t<div class=\"elementor-widget-container\">\n\t\t\t\t\t\t\t\t\t\t\t\t\t\t\t<img fetchpriority=\"high\" decoding=\"async\" width=\"1024\" height=\"682\" src=\"https:\/\/everythingibiza.lon1.digitaloceanspaces.com\/files\/2019\/10\/XICUMICROCEMENTO2011-6740-1024x682.jpg\" class=\"attachment-large size-large wp-image-10464\" alt=\"\" srcset=\"https:\/\/everythingibiza.lon1.digitaloceanspaces.com\/files\/2019\/10\/XICUMICROCEMENTO2011-6740-1024x682.jpg 1024w, https:\/\/everythingibiza.lon1.digitaloceanspaces.com\/files\/2019\/10\/XICUMICROCEMENTO2011-6740-300x200.jpg 300w, https:\/\/everythingibiza.lon1.digitaloceanspaces.com\/files\/2019\/10\/XICUMICROCEMENTO2011-6740.jpg 1280w\" sizes=\"(max-width: 1024px) 100vw, 1024px\">\t\t\t\t\t\t\t\t\t\t\t\t\t\t\t<\/div>\n\t\t\t\t<\/div>\n\t\t\t\t\t<\/div>\n\t\t<\/div>\n\t\t\t\t<div class=\"elementor-column elementor-col-50 elementor-top-column elementor-element elementor-element-ebad314\" data-id=\"ebad314\" data-element_type=\"column\">\n\t\t\t<div class=\"elementor-widget-wrap elementor-element-populated\">\n\t\t\t\t\t\t\t\t<div class=\"elementor-element elementor-element-d308c5c elementor-widget elementor-widget-image\" data-id=\"d308c5c\" data-element_type=\"widget\" data-widget_type=\"image.default\">\n\t\t\t\t<div class=\"elementor-widget-container\">\n\t\t\t\t\t\t\t\t\t\t\t\t\t\t\t<img decoding=\"async\" width=\"1024\" height=\"680\" src=\"https:\/\/everythingibiza.lon1.digitaloceanspaces.com\/files\/2019\/10\/DSC_0072-1024x680.jpg\" class=\"attachment-large size-large wp-image-10456\" alt=\"\" srcset=\"https:\/\/everythingibiza.lon1.digitaloceanspaces.com\/files\/2019\/10\/DSC_0072-1024x680.jpg 1024w, https:\/\/everythingibiza.lon1.digitaloceanspaces.com\/files\/2019\/10\/DSC_0072-300x199.jpg 300w, https:\/\/everythingibiza.lon1.digitaloceanspaces.com\/files\/2019\/10\/DSC_0072.jpg 4288w\" sizes=\"(max-width: 1024px) 100vw, 1024px\">\t\t\t\t\t\t\t\t\t\t\t\t\t\t\t<\/div>\n\t\t\t\t<\/div>\n\t\t\t\t<div class=\"elementor-element elementor-element-8239608 elementor-widget elementor-widget-heading\" data-id=\"8239608\" data-element_type=\"widget\" data-widget_type=\"heading.default\">\n\t\t\t\t<div class=\"elementor-widget-container\">\n\t\t\t<h2 class=\"elementor-heading-title elementor-size-default\">Privacidad, honestidad e integridad<\/h2>\t\t<\/div>\n\t\t\t\t<\/div>\n\t\t\t\t<div class=\"elementor-element elementor-element-ab837ea elementor-widget-divider--view-line elementor-widget elementor-widget-divider\" data-id=\"ab837ea\" data-element_type=\"widget\" data-widget_type=\"divider.default\">\n\t\t\t\t<div class=\"elementor-widget-container\">\n\t\t\t\t\t<div class=\"elementor-divider\">\n\t\t\t<span class=\"elementor-divider-separator\">\n\t\t\t\t\t\t<\/span>\n\t\t<\/div>\n\t\t\t\t<\/div>\n\t\t\t\t<\/div>\n\t\t\t\t<div class=\"elementor-element elementor-element-79a33b8 elementor-widget elementor-widget-text-editor\" data-id=\"79a33b8\" data-element_type=\"widget\" data-widget_type=\"text-editor.default\">\n\t\t\t\t<div class=\"elementor-widget-container\">\n\t\t\t\t\t\t\t<p>Tomar la decisi\u00f3n de vender su casa en Ibiza es algo muy importante y no debe tomarse a la ligera. Usted, como propietario, necesita saber y sentirse c\u00f3modo de que ser\u00e1 ayudado, apoyado y asistido por una empresa inmobiliaria que tiene sus mejores intereses en el coraz\u00f3n.<\/p><p>\u00a0<\/p><p>Nos esforzaremos por asegurarnos de que est\u00e9 totalmente satisfecho con el precio de venta final que le ayudemos a conseguir.<\/p><p>\u00a0<\/p><p>En todo momento nuestros asesores de confianza mantendr\u00e1n los m\u00e1s altos niveles de profesionalidad a la hora de representarle a usted y a su propiedad durante todo el proceso de venta, de principio a fin.<\/p><p>\u00a0<\/p><p>Como agente inmobiliario establecido desde hace m\u00e1s de 20 a\u00f1os en Ibiza, hemos establecido una reputaci\u00f3n insuperable de profesionalidad, honestidad, eficiencia, integridad y confianza.<\/p><p>\u00a0<\/p><p>Nuestras relaciones de trabajo con las autoridades locales y los profesionales, como los departamentos de planificaci\u00f3n de los ayuntamientos, los arquitectos, los ingenieros, los abogados y los notarios, son antiguas y est\u00e1n firmemente establecidas.<\/p><p>\u00a0<\/p><p>Somos un agente inmobiliario acreditado en Ibiza y estamos orgullosos de ser miembros de ABAI\/ADPI, la Asociaci\u00f3n de Agentes y Tasadores de Bienes Ra\u00edces de Baleares.<\/p>\t\t\t\t\t\t<\/div>\n\t\t\t\t<\/div>\n\t\t\t\t\t<\/div>\n\t\t<\/div>\n\t\t\t\t\t\t\t<\/div>\n\t\t<\/section>\n\t\t\t\t<section class=\"elementor-section elementor-top-section elementor-element elementor-element-37eec07 elementor-section-boxed elementor-section-height-default elementor-section-height-default\" data-id=\"37eec07\" data-element_type=\"section\" data-settings=\"{&quot;background_background&quot;:&quot;classic&quot;}\">\n\t\t\t\t\t\t\t<div class=\"elementor-background-overlay\"><\/div>\n\t\t\t\t\t\t\t<div class=\"elementor-container elementor-column-gap-default\">\n\t\t\t\t\t<div class=\"elementor-column elementor-col-100 elementor-top-column elementor-element elementor-element-4cfd1c3\" data-id=\"4cfd1c3\" data-element_type=\"column\">\n\t\t\t<div class=\"elementor-widget-wrap elementor-element-populated\">\n\t\t\t\t\t\t\t\t<div class=\"elementor-element elementor-element-633ac23 elementor-widget elementor-widget-heading\" data-id=\"633ac23\" data-element_type=\"widget\" data-widget_type=\"heading.default\">\n\t\t\t\t<div class=\"elementor-widget-container\">\n\t\t\t<h2 class=\"elementor-heading-title elementor-size-default\">\u00bfEst\u00e1s listo para vender?\n<\/h2>\t\t<\/div>\n\t\t\t\t<\/div>\n\t\t\t\t<div class=\"elementor-element elementor-element-a0c4592 elementor-widget elementor-widget-heading\" data-id=\"a0c4592\" data-element_type=\"widget\" data-widget_type=\"heading.default\">\n\t\t\t\t<div class=\"elementor-widget-container\">\n\t\t\t<h2 class=\"elementor-heading-title elementor-size-default\">\u00bfNo est\u00e1 seguro del valor de su propiedad?<\/h2>\t\t<\/div>\n\t\t\t\t<\/div>\n\t\t\t\t<div class=\"elementor-element elementor-element-13e58f2 elementor-align-center elementor-widget elementor-widget-button\" data-id=\"13e58f2\" data-element_type=\"widget\" data-widget_type=\"button.default\">\n\t\t\t\t<div class=\"elementor-widget-container\">\n\t\t\t\t\t<div class=\"elementor-button-wrapper\">\n\t\t\t<a class=\"elementor-button elementor-button-link elementor-size-md\" href=\"https:\/\/www.everythingibiza.com\/es\/get-in-touch\/\">\n\t\t\t\t\t\t<span class=\"elementor-button-content-wrapper\">\n\t\t\t\t\t\t<span class=\"elementor-button-text\">Solicita una VALORACI\u00d3N GRATUITA<\/span>\n\t\t<\/span>\n\t\t\t\t\t<\/a>\n\t\t<\/div>\n\t\t\t\t<\/div>\n\t\t\t\t<\/div>\n\t\t\t\t\t<\/div>\n\t\t<\/div>\n\t\t\t\t\t\t\t<\/div>\n\t\t<\/section>\n\t\t\t\t<section class=\"elementor-section elementor-top-section elementor-element elementor-element-70e32a7 elementor-section-full_width elementor-hidden-desktop elementor-hidden-tablet elementor-hidden-mobile elementor-section-height-default elementor-section-height-default\" data-id=\"70e32a7\" data-element_type=\"section\">\n\t\t\t\t\t\t<div class=\"elementor-container elementor-column-gap-default\">\n\t\t\t\t\t<div class=\"elementor-column elementor-col-100 elementor-top-column elementor-element elementor-element-6ba882b\" data-id=\"6ba882b\" data-element_type=\"column\">\n\t\t\t<div class=\"elementor-widget-wrap elementor-element-populated\">\n\t\t\t\t\t\t\t\t<div class=\"elementor-element elementor-element-5a6aa88 elementor-widget elementor-widget-heading\" data-id=\"5a6aa88\" data-element_type=\"widget\" data-widget_type=\"heading.default\">\n\t\t\t\t<div class=\"elementor-widget-container\">\n\t\t\t<h2 class=\"elementor-heading-title elementor-size-default\">Seguir<\/h2>\t\t<\/div>\n\t\t\t\t<\/div>\n\t\t\t\t<div class=\"elementor-element elementor-element-648862a elementor-widget elementor-widget-heading\" data-id=\"648862a\" data-element_type=\"widget\" data-widget_type=\"heading.default\">\n\t\t\t\t<div class=\"elementor-widget-container\">\n\t\t\t<h2 class=\"elementor-heading-title elementor-size-default\">nosotros en instagram<\/h2>\t\t<\/div>\n\t\t\t\t<\/div>\n\t\t\t\t<div class=\"elementor-element elementor-element-0b49d5d elementor-widget elementor-widget-jet-instagram-gallery\" data-id=\"0b49d5d\" data-element_type=\"widget\" data-widget_type=\"jet-instagram-gallery.default\">\n\t\t\t\t<div class=\"elementor-widget-container\">\n\t\t\t<div class=\"elementor-jet-instagram-gallery jet-elements\">\n<div class=\"jet-instagram-gallery__instance layout-type-grid col-row disable-cols-gap disable-rows-gap show-overlay-on-hover column-desktop-5 column-tablet-2 column-mobile-1\"  data-settings='{\"layoutType\":\"grid\",\"columns\":\"5\",\"columnsTablet\":null,\"columnsMobile\":null}'><div class=\"jet-instagram-gallery__item\"><div class=\"jet-instagram-gallery__inner\">Invalid OAuth access token - Cannot parse access token<\/div><\/div><\/div>\n<\/div>\t\t<\/div>\n\t\t\t\t<\/div>\n\t\t\t\t\t<\/div>\n\t\t<\/div>\n\t\t\t\t\t\t\t<\/div>\n\t\t<\/section>\n\t\t\t\t\t\t\t<\/div>","protected":false},"excerpt":{"rendered":"<p>Vender su propiedad en Ibiza Conocimiento, Experiencia y Confianza VALORACI\u00d3N GRATUITA DE SU PROPIEDAD todo ibiza Properties es una empresa de confianza con muchos, muchos a\u00f1os de conocimiento local y experiencia en la venta de propiedades inmobiliarias en Ibiza.  Nuestro Tasador interno ABAI\/ADPI t\u00e9cnicamente certificado visitar\u00e1 su propiedad para proporcionarle una Tasaci\u00f3n Gratuita. <a href=\"https:\/\/www.everythingibiza.com\/es\/sell-a-property\/\" class=\"more-link\">...<span class=\"screen-reader-text\">  Vender una propiedad<\/span><\/a><\/p>","protected":false},"author":4,"featured_media":0,"parent":0,"menu_order":0,"comment_status":"closed","ping_status":"closed","template":"elementor_header_footer","meta":{"_acf_changed":false,"footnotes":""},"class_list":["post-808","page","type-page","status-publish","hentry"],"acf":[],"_links":{"self":[{"href":"https:\/\/www.everythingibiza.com\/es\/wp-json\/wp\/v2\/pages\/808","targetHints":{"allow":["GET"]}}],"collection":[{"href":"https:\/\/www.everythingibiza.com\/es\/wp-json\/wp\/v2\/pages"}],"about":[{"href":"https:\/\/www.everythingibiza.com\/es\/wp-json\/wp\/v2\/types\/page"}],"author":[{"embeddable":true,"href":"https:\/\/www.everythingibiza.com\/es\/wp-json\/wp\/v2\/users\/4"}],"replies":[{"embeddable":true,"href":"https:\/\/www.everythingibiza.com\/es\/wp-json\/wp\/v2\/comments?post=808"}],"version-history":[{"count":0,"href":"https:\/\/www.everythingibiza.com\/es\/wp-json\/wp\/v2\/pages\/808\/revisions"}],"wp:attachment":[{"href":"https:\/\/www.everythingibiza.com\/es\/wp-json\/wp\/v2\/media?parent=808"}],"curies":[{"name":"wp","href":"https:\/\/api.w.org\/{rel}","templated":true}]}}