{"id":2570,"date":"2019-09-03T09:48:58","date_gmt":"2019-09-03T08:48:58","guid":{"rendered":"https:\/\/trend.agency\/domains\/everythingibiza.com\/\/?page_id=2570"},"modified":"2026-04-27T11:28:19","modified_gmt":"2026-04-27T10:28:19","slug":"after-sales","status":"publish","type":"page","link":"https:\/\/www.everythingibiza.com\/fr\/after-sales\/","title":{"rendered":"Service apr\u00e8s-vente"},"content":{"rendered":"<p><img decoding=\"async\" src=\"https:\/\/www.everythingibiza.com\/wp-content\/uploads\/2019\/11\/MG_9615-copia.jpg\" alt=\"_MG_9615 copia\" \/><\/p>\n<h5><\/h5>\n<h2>Apr\u00e8s<\/h2>\n<h2>Ventes<\/h2>\n<p>Sur\u00a0<a title=\"page d&#039;accueil de everything ibiza\" href=\"https:\/\/www.everythingibiza.com\/fr\/\" target=\"\">tout ce qui concerne Ibiza<\/a>\u00a0Nous savons qu'une fois que vous avez termin\u00e9 le processus d'achat et que vous \u00eates propri\u00e9taire d'une maison \u00e0 Ibiza, un aspect essentiel est le soutien et l'aide pour tout ce qui concerne le fait d'\u00eatre propri\u00e9taire \u00e0 l'\u00e9tranger.<\/p>\n<p>Notre \u00e9quipe, qui parle anglais et espagnol, sera l\u00e0 pour vous aider \u00e0 vous connecter aux services publics essentiels comme l'\u00e9lectricit\u00e9, l'eau, le t\u00e9l\u00e9phone et l'Internet.<\/p>\n<p>Voir\u00a0<a title=\"Nos partenaires\" href=\"http:\/\/www.trend.agency\/domains\/everythingibiza.com\/partners.php\" target=\"\">Nos partenaires<\/a> pour des exemples d'organisations et de soci\u00e9t\u00e9s \u00e9prouv\u00e9es et fiables qui sont nos contacts locaux.<\/p>\n<p>Tout Ibiza offre le type de service apr\u00e8s-vente que l'on peut attendre de professionnels d\u00e9vou\u00e9s du march\u00e9 immobilier. Jetez un coup d'\u0153il aux t\u00e9moignages et aux critiques des clients sur notre site Web. <a title=\"Page Facebook de everything ibiza\" href=\"https:\/\/www.facebook.com\/everything.ibiza.property?ref=hl\" target=\"_blank\" rel=\"noopener\">Page Facebook<\/a>\u00a0pour des exemples de notre service client\u00e8le et des clients tr\u00e8s satisfaits que nous avons aid\u00e9s au fil des ans.<\/p>\n<p><img decoding=\"async\" src=\"https:\/\/www.everythingibiza.com\/wp-content\/uploads\/2019\/08\/Artboard-35partners.jpg\" sizes=\"(max-width: 253px) 100vw, 253px\" srcset=\"https:\/\/www.everythingibiza.com\/wp-content\/uploads\/2019\/08\/Artboard-35partners.jpg 253w, https:\/\/www.everythingibiza.com\/wp-content\/uploads\/2019\/08\/Artboard-35partners-150x150.jpg 150w\" alt=\"\" width=\"253\" height=\"252\" \/><\/p>\n<h2>Propri\u00e9t\u00e9s \u00e0 vendre<\/h2>\n<p><img decoding=\"async\" src=\"https:\/\/www.everythingibiza.com\/wp-content\/uploads\/2019\/08\/Artboard-36partners.jpg\" sizes=\"(max-width: 253px) 100vw, 253px\" srcset=\"https:\/\/www.everythingibiza.com\/wp-content\/uploads\/2019\/08\/Artboard-36partners.jpg 253w, https:\/\/www.everythingibiza.com\/wp-content\/uploads\/2019\/08\/Artboard-36partners-150x150.jpg 150w\" alt=\"\" width=\"253\" height=\"252\" \/><\/p>\n<h2>Propri\u00e9t\u00e9 commerciale<\/h2>\n<p><img decoding=\"async\" src=\"https:\/\/www.everythingibiza.com\/wp-content\/uploads\/2019\/08\/Artboard-37partners.jpg\" sizes=\"(max-width: 253px) 100vw, 253px\" srcset=\"https:\/\/www.everythingibiza.com\/wp-content\/uploads\/2019\/08\/Artboard-37partners.jpg 253w, https:\/\/www.everythingibiza.com\/wp-content\/uploads\/2019\/08\/Artboard-37partners-150x150.jpg 150w\" alt=\"\" width=\"253\" height=\"252\" \/><\/p>\n<h2>Collection Prestige<\/h2>\n<p><img decoding=\"async\" src=\"https:\/\/www.everythingibiza.com\/wp-content\/uploads\/2019\/08\/Artboard-38partners.jpg\" sizes=\"(max-width: 253px) 100vw, 253px\" srcset=\"https:\/\/www.everythingibiza.com\/wp-content\/uploads\/2019\/08\/Artboard-38partners.jpg 253w, https:\/\/www.everythingibiza.com\/wp-content\/uploads\/2019\/08\/Artboard-38partners-150x150.jpg 150w\" alt=\"\" width=\"253\" height=\"252\" \/><\/p>\n<h2>Services sur mesure<\/h2>\n<h2>Suivez<\/h2>\n<h2>Nous sur instagram<\/h2>\n<p><a href=\"https:\/\/www.instagram.com\/p\/DL2y6OjtbOL\/\" target=\"_blank\" rel=\"noopener nofollow\" data-full-res=\"https:\/\/scontent-lhr6-1.cdninstagram.com\/v\/t51.82787-15\/517577766_18517002079032360_939246905303564847_n.jpg?stp=dst-jpg_e35_tt6&amp;_nc_cat=109&amp;ccb=1-7&amp;_nc_sid=18de74&amp;_nc_ohc=-x6yp4fv2bwQ7kNvwHlSqob&amp;_nc_oc=AdkpVJ_0b2mqy-rCr8tQZ4JXwgdgJvpPUMdbFS-TlP683lCROKA2lJCRbCx4KQzNl2o&amp;_nc_zt=23&amp;_nc_ht=scontent-lhr6-1.cdninstagram.com&amp;edm=ANo9K5cEAAAA&amp;_nc_gid=iLZNyiv2zgzwH_ongg9ivw&amp;oh=00_AfSBibPboTf6-e0OatgxJcuf7HrM0QayuQZ-H92wwA3t4Q&amp;oe=68770B4B\" data-img-src-set=\"{&quot;d&quot;:&quot;https:\/\/scontent-lhr6-1.cdninstagram.com\/v\/t51.82787-15\/517577766_18517002079032360_939246905303564847_n.jpg?stp=dst-jpg_e35_tt6&amp;_nc_cat=109&amp;ccb=1-7&amp;_nc_sid=18de74&amp;_nc_ohc=-x6yp4fv2bwQ7kNvwHlSqob&amp;_nc_oc=AdkpVJ_0b2mqy-rCr8tQZ4JXwgdgJvpPUMdbFS-TlP683lCROKA2lJCRbCx4KQzNl2o&amp;_nc_zt=23&amp;_nc_ht=scontent-lhr6-1.cdninstagram.com&amp;edm=ANo9K5cEAAAA&amp;_nc_gid=iLZNyiv2zgzwH_ongg9ivw&amp;oh=00_AfSBibPboTf6-e0OatgxJcuf7HrM0QayuQZ-H92wwA3t4Q&amp;oe=68770B4B&quot;,&quot;150&quot;:&quot;https:\/\/scontent-lhr6-1.cdninstagram.com\/v\/t51.82787-15\/517577766_18517002079032360_939246905303564847_n.jpg?stp=dst-jpg_e35_tt6&amp;_nc_cat=109&amp;ccb=1-7&amp;_nc_sid=18de74&amp;_nc_ohc=-x6yp4fv2bwQ7kNvwHlSqob&amp;_nc_oc=AdkpVJ_0b2mqy-rCr8tQZ4JXwgdgJvpPUMdbFS-TlP683lCROKA2lJCRbCx4KQzNl2o&amp;_nc_zt=23&amp;_nc_ht=scontent-lhr6-1.cdninstagram.com&amp;edm=ANo9K5cEAAAA&amp;_nc_gid=iLZNyiv2zgzwH_ongg9ivw&amp;oh=00_AfSBibPboTf6-e0OatgxJcuf7HrM0QayuQZ-H92wwA3t4Q&amp;oe=68770B4B&quot;,&quot;320&quot;:&quot;https:\/\/www.everythingibiza.com\/wp-content\/uploads\/sb-instagram-feed-images\/517577766_18517002079032360_939246905303564847_nlow.webp&quot;,&quot;640&quot;:&quot;https:\/\/www.everythingibiza.com\/wp-content\/uploads\/sb-instagram-feed-images\/517577766_18517002079032360_939246905303564847_nfull.webp&quot;}\"><br \/>\nSpacieuse villa r\u00e9nov\u00e9e avec appartement d'h\u00f4tes<\/a><\/p>\n<p><img decoding=\"async\" src=\"https:\/\/www.everythingibiza.com\/wp-content\/plugins\/instagram-feed\/img\/placeholder.png\" alt=\"Spacious Renovated Villa with Guest Apartment Set in Lush Peaceful Countryside \ud83d\udccd Cala Tarida, Sant Josep de sa Talaia A delightful, Mediterranean style villa situated on a private countryside plot of 1.600m2 in the western region of San Jose close to the picturesque bay of Cala Tarida, famed for its spectacular sunsets. Built in 1982 the gated property is constructed over 415m2 and is currently divided into independent units. Renovation was carried out in 2016 but the house would benefit from further cosmetic work throughout DM for Details \u00b7 \ud83d\udd11 Ref: 1791 \ud83d\udd11 Plot: 1,600 m2 \ud83d\udd11 House: 415 m2 \ud83d\udd11 Bed: 5 \ud83d\udd11 Bath: 4 \u00b7 \ud83c\udfe0 Guide Price: 1.750.000 \u20ac \u00b7 \ud83d\udc69\ud83c\udffc\u200d\ud83d\udcbb Get in touch with yvonne@everythingibiza.com \/ scarlett@everythingibiza.com \u260e\ufe0f (+34) 971 80 36 80 www.everythingibiza.com\" aria-hidden=\"true\" \/><\/p>\n<p><a href=\"https:\/\/www.instagram.com\/reel\/DLwxFPqtm2L\/\" target=\"_blank\" rel=\"noopener nofollow\" data-full-res=\"https:\/\/scontent-lhr6-1.cdninstagram.com\/v\/t51.71878-15\/515497478_1063897622014636_4158509969724373427_n.jpg?stp=dst-jpg_e35_tt6&amp;_nc_cat=110&amp;ccb=1-7&amp;_nc_sid=18de74&amp;_nc_ohc=5BaXE03rjAgQ7kNvwGF1PUw&amp;_nc_oc=AdmIjtne4Yx25dYlQ8V4t_oxE9uYijT4_co52yraRmzlXP8Y6PiH7ZVWr87iYtr7cvs&amp;_nc_zt=23&amp;_nc_ht=scontent-lhr6-1.cdninstagram.com&amp;edm=ANo9K5cEAAAA&amp;_nc_gid=iLZNyiv2zgzwH_ongg9ivw&amp;oh=00_AfR7oBJZ8WB4N9uoDxBlOhnSNIGrmsA6ichwJpvnqVSDdQ&amp;oe=68771650\" data-img-src-set=\"{&quot;d&quot;:&quot;https:\/\/scontent-lhr6-1.cdninstagram.com\/v\/t51.71878-15\/515497478_1063897622014636_4158509969724373427_n.jpg?stp=dst-jpg_e35_tt6&amp;_nc_cat=110&amp;ccb=1-7&amp;_nc_sid=18de74&amp;_nc_ohc=5BaXE03rjAgQ7kNvwGF1PUw&amp;_nc_oc=AdmIjtne4Yx25dYlQ8V4t_oxE9uYijT4_co52yraRmzlXP8Y6PiH7ZVWr87iYtr7cvs&amp;_nc_zt=23&amp;_nc_ht=scontent-lhr6-1.cdninstagram.com&amp;edm=ANo9K5cEAAAA&amp;_nc_gid=iLZNyiv2zgzwH_ongg9ivw&amp;oh=00_AfR7oBJZ8WB4N9uoDxBlOhnSNIGrmsA6ichwJpvnqVSDdQ&amp;oe=68771650&quot;,&quot;150&quot;:&quot;https:\/\/scontent-lhr6-1.cdninstagram.com\/v\/t51.71878-15\/515497478_1063897622014636_4158509969724373427_n.jpg?stp=dst-jpg_e35_tt6&amp;_nc_cat=110&amp;ccb=1-7&amp;_nc_sid=18de74&amp;_nc_ohc=5BaXE03rjAgQ7kNvwGF1PUw&amp;_nc_oc=AdmIjtne4Yx25dYlQ8V4t_oxE9uYijT4_co52yraRmzlXP8Y6PiH7ZVWr87iYtr7cvs&amp;_nc_zt=23&amp;_nc_ht=scontent-lhr6-1.cdninstagram.com&amp;edm=ANo9K5cEAAAA&amp;_nc_gid=iLZNyiv2zgzwH_ongg9ivw&amp;oh=00_AfR7oBJZ8WB4N9uoDxBlOhnSNIGrmsA6ichwJpvnqVSDdQ&amp;oe=68771650&quot;,&quot;320&quot;:&quot;https:\/\/www.everythingibiza.com\/wp-content\/uploads\/sb-instagram-feed-images\/515497478_1063897622014636_4158509969724373427_nlow.webp&quot;,&quot;640&quot;:&quot;https:\/\/www.everythingibiza.com\/wp-content\/uploads\/sb-instagram-feed-images\/515497478_1063897622014636_4158509969724373427_nfull.webp&quot;}\"><br \/>\n<img decoding=\"async\" src=\"https:\/\/www.everythingibiza.com\/wp-content\/plugins\/instagram-feed\/img\/placeholder.png\" alt=\"Feeling incredibly grateful for clients like Fae \ud83d\udc9b Thank you for trusting us with such a special chapter of your life. Your kind words mean the world and we are so happy we found your slice of heaven in Ibiza. Here\u2019s to new beginnings and beautiful memories in your new home \ud83c\udfe1\u2728 \ud83d\udc69\ud83c\udffc\u200d\ud83d\udcbb yvonne@everythingibiza.com \/ scarlett@everythingibiza.com \u260e\ufe0f (+34) 971 80 36 80 www.everythingibiza.com\" aria-hidden=\"true\" \/><br \/>\n<\/a><br \/>\n<a href=\"https:\/\/www.instagram.com\/p\/DLklo-Vt_v0\/\" target=\"_blank\" rel=\"noopener nofollow\" data-full-res=\"https:\/\/scontent-lhr6-1.cdninstagram.com\/v\/t51.82787-15\/514857488_18515682067032360_3154097103903351772_n.jpg?stp=dst-jpg_e35_tt6&amp;_nc_cat=109&amp;ccb=1-7&amp;_nc_sid=18de74&amp;_nc_ohc=UAwrYNC_H08Q7kNvwFK0TIC&amp;_nc_oc=Adl_DeymAK3I4Nxte19-ozvNAzYPmCRByDLAkcWXa-d52_VrYmzSPuUSnfO0uAL9-Jw&amp;_nc_zt=23&amp;_nc_ht=scontent-lhr6-1.cdninstagram.com&amp;edm=ANo9K5cEAAAA&amp;_nc_gid=iLZNyiv2zgzwH_ongg9ivw&amp;oh=00_AfTr42pPYmEm0jDxeea9heUGL6KTlV0z8teB7U_czpL8Zw&amp;oe=68771FF7\" data-img-src-set=\"{&quot;d&quot;:&quot;https:\/\/scontent-lhr6-1.cdninstagram.com\/v\/t51.82787-15\/514857488_18515682067032360_3154097103903351772_n.jpg?stp=dst-jpg_e35_tt6&amp;_nc_cat=109&amp;ccb=1-7&amp;_nc_sid=18de74&amp;_nc_ohc=UAwrYNC_H08Q7kNvwFK0TIC&amp;_nc_oc=Adl_DeymAK3I4Nxte19-ozvNAzYPmCRByDLAkcWXa-d52_VrYmzSPuUSnfO0uAL9-Jw&amp;_nc_zt=23&amp;_nc_ht=scontent-lhr6-1.cdninstagram.com&amp;edm=ANo9K5cEAAAA&amp;_nc_gid=iLZNyiv2zgzwH_ongg9ivw&amp;oh=00_AfTr42pPYmEm0jDxeea9heUGL6KTlV0z8teB7U_czpL8Zw&amp;oe=68771FF7&quot;,&quot;150&quot;:&quot;https:\/\/scontent-lhr6-1.cdninstagram.com\/v\/t51.82787-15\/514857488_18515682067032360_3154097103903351772_n.jpg?stp=dst-jpg_e35_tt6&amp;_nc_cat=109&amp;ccb=1-7&amp;_nc_sid=18de74&amp;_nc_ohc=UAwrYNC_H08Q7kNvwFK0TIC&amp;_nc_oc=Adl_DeymAK3I4Nxte19-ozvNAzYPmCRByDLAkcWXa-d52_VrYmzSPuUSnfO0uAL9-Jw&amp;_nc_zt=23&amp;_nc_ht=scontent-lhr6-1.cdninstagram.com&amp;edm=ANo9K5cEAAAA&amp;_nc_gid=iLZNyiv2zgzwH_ongg9ivw&amp;oh=00_AfTr42pPYmEm0jDxeea9heUGL6KTlV0z8teB7U_czpL8Zw&amp;oe=68771FF7&quot;,&quot;320&quot;:&quot;https:\/\/www.everythingibiza.com\/wp-content\/uploads\/sb-instagram-feed-images\/514857488_18515682067032360_3154097103903351772_nlow.webp&quot;,&quot;640&quot;:&quot;https:\/\/www.everythingibiza.com\/wp-content\/uploads\/sb-instagram-feed-images\/514857488_18515682067032360_3154097103903351772_nfull.webp&quot;}\"><br \/>\nNouvelle villa exquise et minimaliste offrant le luxe,<\/a><\/p>\n<p><img decoding=\"async\" src=\"https:\/\/www.everythingibiza.com\/wp-content\/plugins\/instagram-feed\/img\/placeholder.png\" alt=\"New Exquisite Minimalistic Villa Offering Luxury, Quality and Breathtaking Views \ud83d\udccd Can Furnet, Santa Eulalia del Rio Situated in the elite gated community of Can Furnet, this exquisite new villa offers unparalleled luxury and breathtaking views that stretch from Marina Botafoch and Dalt Vila to the stunning island of Formentera and the shimmering waters of Salinas. Spanning a generous 521m2 and occupying a private 1,464m2 plot, this architectural marvel boasts elegantly designed bedrooms, each featuring walk-in closets or built-in wardrobes along with private bathrooms, ensuring comfort and privacy for all guests. DM for Details \u00b7 \ud83d\udd11 Ref: 1820 \ud83d\udd11 Plot: 1,464 m2 \ud83d\udd11 House: 521 m2 \ud83d\udd11 Bed: 7 \ud83d\udd11 Bath: 6 \u00b7 \ud83c\udfe0 Guide Price: 8.500.000 \u20ac \u00b7 \ud83d\udc69\ud83c\udffc\u200d\ud83d\udcbb Get in touch with yvonne@everythingibiza.com \/ scarlett@everythingibiza.com \u260e\ufe0f (+34) 971 80 36 80 www.everythingibiza.com\" aria-hidden=\"true\" \/><\/p>\n<p><a href=\"https:\/\/www.instagram.com\/reel\/DLj95i9NYIt\/\" target=\"_blank\" rel=\"noopener nofollow\" data-full-res=\"https:\/\/scontent-lhr8-1.cdninstagram.com\/v\/t51.71878-15\/514505748_4134028800218255_5987950877260859758_n.jpg?stp=dst-jpg_e35_tt6&amp;_nc_cat=111&amp;ccb=1-7&amp;_nc_sid=18de74&amp;_nc_ohc=Unlv9_KlxMkQ7kNvwEjcTPR&amp;_nc_oc=Adk2408zkzel5G97s6VSUaJTmoW0095u4AA1O1U3PCaMd-k4n7lsMwnOScNGISdjogY&amp;_nc_zt=23&amp;_nc_ht=scontent-lhr8-1.cdninstagram.com&amp;edm=ANo9K5cEAAAA&amp;_nc_gid=iLZNyiv2zgzwH_ongg9ivw&amp;oh=00_AfS8LnWf97I-aNerhq8PKekNlk2nCW9A5cTu8fK_A9WYQQ&amp;oe=68772132\" data-img-src-set=\"{&quot;d&quot;:&quot;https:\/\/scontent-lhr8-1.cdninstagram.com\/v\/t51.71878-15\/514505748_4134028800218255_5987950877260859758_n.jpg?stp=dst-jpg_e35_tt6&amp;_nc_cat=111&amp;ccb=1-7&amp;_nc_sid=18de74&amp;_nc_ohc=Unlv9_KlxMkQ7kNvwEjcTPR&amp;_nc_oc=Adk2408zkzel5G97s6VSUaJTmoW0095u4AA1O1U3PCaMd-k4n7lsMwnOScNGISdjogY&amp;_nc_zt=23&amp;_nc_ht=scontent-lhr8-1.cdninstagram.com&amp;edm=ANo9K5cEAAAA&amp;_nc_gid=iLZNyiv2zgzwH_ongg9ivw&amp;oh=00_AfS8LnWf97I-aNerhq8PKekNlk2nCW9A5cTu8fK_A9WYQQ&amp;oe=68772132&quot;,&quot;150&quot;:&quot;https:\/\/scontent-lhr8-1.cdninstagram.com\/v\/t51.71878-15\/514505748_4134028800218255_5987950877260859758_n.jpg?stp=dst-jpg_e35_tt6&amp;_nc_cat=111&amp;ccb=1-7&amp;_nc_sid=18de74&amp;_nc_ohc=Unlv9_KlxMkQ7kNvwEjcTPR&amp;_nc_oc=Adk2408zkzel5G97s6VSUaJTmoW0095u4AA1O1U3PCaMd-k4n7lsMwnOScNGISdjogY&amp;_nc_zt=23&amp;_nc_ht=scontent-lhr8-1.cdninstagram.com&amp;edm=ANo9K5cEAAAA&amp;_nc_gid=iLZNyiv2zgzwH_ongg9ivw&amp;oh=00_AfS8LnWf97I-aNerhq8PKekNlk2nCW9A5cTu8fK_A9WYQQ&amp;oe=68772132&quot;,&quot;320&quot;:&quot;https:\/\/www.everythingibiza.com\/wp-content\/uploads\/sb-instagram-feed-images\/514505748_4134028800218255_5987950877260859758_nlow.webp&quot;,&quot;640&quot;:&quot;https:\/\/www.everythingibiza.com\/wp-content\/uploads\/sb-instagram-feed-images\/514505748_4134028800218255_5987950877260859758_nfull.webp&quot;}\"><br \/>\nScenes from Santa Gertrudis \ud83c\udf4b<br \/>\nA village that f<br \/>\n<img decoding=\"async\" src=\"https:\/\/www.everythingibiza.com\/wp-content\/plugins\/instagram-feed\/img\/placeholder.png\" alt=\"Scenes from Santa Gertrudis \ud83c\udf4b A village that feels like home the moment you arrive. Mornings at the caf\u00e9, afternoons wandering the galleries, and that quiet rhythm of life you only find in the heart of the island. If you\u2019re dreaming of a place in Ibiza with soul, Santa Gertrudis might just be it. \ud83d\udc69\ud83c\udffc\u200d\ud83d\udcbb yvonne@everythingibiza.com \/ scarlett@everythingibiza.com \u260e\ufe0f (+34) 971 80 36 80 www.everythingibiza.com\" aria-hidden=\"true\" \/><br \/>\n<\/a><\/p>","protected":false},"excerpt":{"rendered":"<p>After Sales At\u00a0everything Ibiza\u00a0we know, that once you have the completed the buying process and own a home in Ibiza, a key area is support and help with everything that comes with being a householder abroad. Our English and Spanish speaking team will be on hand to help with connections to vital utilities like electricity, [&hellip;]<\/p>\n","protected":false},"author":4,"featured_media":0,"parent":0,"menu_order":0,"comment_status":"closed","ping_status":"closed","template":"","meta":{"footnotes":""},"class_list":["post-2570","page","type-page","status-publish","hentry"],"acf":[],"yoast_head":"<!-- This site is optimized with the Yoast SEO plugin v27.5 - https:\/\/yoast.com\/product\/yoast-seo-wordpress\/ -->\n<title>After Sales Support in Ibiza | Everything Ibiza Properties<\/title>\n<meta name=\"description\" content=\"Our support doesn&#039;t stop at completion. We help new owners settle into island life - from utilities to local know-how. We&#039;re here year-round.\" \/>\n<meta name=\"robots\" content=\"index, follow, max-snippet:-1, max-image-preview:large, max-video-preview:-1\" \/>\n<link rel=\"canonical\" href=\"https:\/\/www.everythingibiza.com\/fr\/after-sales\/\" \/>\n<meta property=\"og:locale\" content=\"fr_FR\" \/>\n<meta property=\"og:type\" content=\"article\" \/>\n<meta property=\"og:title\" content=\"After Sales Support in Ibiza | Everything Ibiza Properties\" \/>\n<meta property=\"og:description\" content=\"Our support doesn&#039;t stop at completion. We help new owners settle into island life - from utilities to local know-how. We&#039;re here year-round.\" \/>\n<meta property=\"og:url\" content=\"https:\/\/www.everythingibiza.com\/fr\/after-sales\/\" \/>\n<meta property=\"og:site_name\" content=\"everything ibiza Properties\" \/>\n<meta property=\"article:modified_time\" content=\"2026-04-27T10:28:19+00:00\" \/>\n<meta property=\"og:image\" content=\"https:\/\/www.everythingibiza.com\/wp-content\/uploads\/2019\/11\/MG_9615-copia.jpg\" \/>\n<meta name=\"twitter:card\" content=\"summary_large_image\" \/>\n<meta name=\"twitter:label1\" content=\"Est. reading time\" \/>\n\t<meta name=\"twitter:data1\" content=\"4 minutes\" \/>\n<script type=\"application\/ld+json\" class=\"yoast-schema-graph\">{\"@context\":\"https:\\\/\\\/schema.org\",\"@graph\":[{\"@type\":\"WebPage\",\"@id\":\"https:\\\/\\\/www.everythingibiza.com\\\/after-sales\\\/\",\"url\":\"https:\\\/\\\/www.everythingibiza.com\\\/after-sales\\\/\",\"name\":\"After Sales Support in Ibiza | Everything Ibiza Properties\",\"isPartOf\":{\"@id\":\"https:\\\/\\\/www.everythingibiza.com\\\/#website\"},\"primaryImageOfPage\":{\"@id\":\"https:\\\/\\\/www.everythingibiza.com\\\/after-sales\\\/#primaryimage\"},\"image\":{\"@id\":\"https:\\\/\\\/www.everythingibiza.com\\\/after-sales\\\/#primaryimage\"},\"thumbnailUrl\":\"https:\\\/\\\/www.everythingibiza.com\\\/wp-content\\\/uploads\\\/2019\\\/11\\\/MG_9615-copia.jpg\",\"datePublished\":\"2019-09-03T08:48:58+00:00\",\"dateModified\":\"2026-04-27T10:28:19+00:00\",\"description\":\"Our support doesn't stop at completion. We help new owners settle into island life - from utilities to local know-how. We're here year-round.\",\"breadcrumb\":{\"@id\":\"https:\\\/\\\/www.everythingibiza.com\\\/after-sales\\\/#breadcrumb\"},\"inLanguage\":\"fr-FR\",\"potentialAction\":[{\"@type\":\"ReadAction\",\"target\":[\"https:\\\/\\\/www.everythingibiza.com\\\/after-sales\\\/\"]}]},{\"@type\":\"ImageObject\",\"inLanguage\":\"fr-FR\",\"@id\":\"https:\\\/\\\/www.everythingibiza.com\\\/after-sales\\\/#primaryimage\",\"url\":\"https:\\\/\\\/www.everythingibiza.com\\\/wp-content\\\/uploads\\\/2019\\\/11\\\/MG_9615-copia.jpg\",\"contentUrl\":\"https:\\\/\\\/www.everythingibiza.com\\\/wp-content\\\/uploads\\\/2019\\\/11\\\/MG_9615-copia.jpg\"},{\"@type\":\"BreadcrumbList\",\"@id\":\"https:\\\/\\\/www.everythingibiza.com\\\/after-sales\\\/#breadcrumb\",\"itemListElement\":[{\"@type\":\"ListItem\",\"position\":1,\"name\":\"Home\",\"item\":\"https:\\\/\\\/www.everythingibiza.com\\\/\"},{\"@type\":\"ListItem\",\"position\":2,\"name\":\"After Sales\"}]},{\"@type\":\"WebSite\",\"@id\":\"https:\\\/\\\/www.everythingibiza.com\\\/#website\",\"url\":\"https:\\\/\\\/www.everythingibiza.com\\\/\",\"name\":\"everything ibiza Properties\",\"description\":\"Accredited &amp; Trusted Real Estate Agent in Ibiza Since 1999\",\"potentialAction\":[{\"@type\":\"SearchAction\",\"target\":{\"@type\":\"EntryPoint\",\"urlTemplate\":\"https:\\\/\\\/www.everythingibiza.com\\\/?s={search_term_string}\"},\"query-input\":{\"@type\":\"PropertyValueSpecification\",\"valueRequired\":true,\"valueName\":\"search_term_string\"}}],\"inLanguage\":\"fr-FR\"}]}<\/script>\n<!-- \/ Yoast SEO plugin. -->","yoast_head_json":{"title":"After Sales Support in Ibiza | Everything Ibiza Properties","description":"Our support doesn't stop at completion. We help new owners settle into island life - from utilities to local know-how. We're here year-round.","robots":{"index":"index","follow":"follow","max-snippet":"max-snippet:-1","max-image-preview":"max-image-preview:large","max-video-preview":"max-video-preview:-1"},"canonical":"https:\/\/www.everythingibiza.com\/fr\/after-sales\/","og_locale":"fr_FR","og_type":"article","og_title":"After Sales Support in Ibiza | Everything Ibiza Properties","og_description":"Our support doesn't stop at completion. We help new owners settle into island life - from utilities to local know-how. We're here year-round.","og_url":"https:\/\/www.everythingibiza.com\/fr\/after-sales\/","og_site_name":"everything ibiza Properties","article_modified_time":"2026-04-27T10:28:19+00:00","og_image":[{"url":"https:\/\/www.everythingibiza.com\/wp-content\/uploads\/2019\/11\/MG_9615-copia.jpg","type":"","width":"","height":""}],"twitter_card":"summary_large_image","twitter_misc":{"Est. reading time":"4 minutes"},"schema":{"@context":"https:\/\/schema.org","@graph":[{"@type":"WebPage","@id":"https:\/\/www.everythingibiza.com\/after-sales\/","url":"https:\/\/www.everythingibiza.com\/after-sales\/","name":"After Sales Support in Ibiza | Everything Ibiza Properties","isPartOf":{"@id":"https:\/\/www.everythingibiza.com\/#website"},"primaryImageOfPage":{"@id":"https:\/\/www.everythingibiza.com\/after-sales\/#primaryimage"},"image":{"@id":"https:\/\/www.everythingibiza.com\/after-sales\/#primaryimage"},"thumbnailUrl":"https:\/\/www.everythingibiza.com\/wp-content\/uploads\/2019\/11\/MG_9615-copia.jpg","datePublished":"2019-09-03T08:48:58+00:00","dateModified":"2026-04-27T10:28:19+00:00","description":"Our support doesn't stop at completion. We help new owners settle into island life - from utilities to local know-how. We're here year-round.","breadcrumb":{"@id":"https:\/\/www.everythingibiza.com\/after-sales\/#breadcrumb"},"inLanguage":"fr-FR","potentialAction":[{"@type":"ReadAction","target":["https:\/\/www.everythingibiza.com\/after-sales\/"]}]},{"@type":"ImageObject","inLanguage":"fr-FR","@id":"https:\/\/www.everythingibiza.com\/after-sales\/#primaryimage","url":"https:\/\/www.everythingibiza.com\/wp-content\/uploads\/2019\/11\/MG_9615-copia.jpg","contentUrl":"https:\/\/www.everythingibiza.com\/wp-content\/uploads\/2019\/11\/MG_9615-copia.jpg"},{"@type":"BreadcrumbList","@id":"https:\/\/www.everythingibiza.com\/after-sales\/#breadcrumb","itemListElement":[{"@type":"ListItem","position":1,"name":"Home","item":"https:\/\/www.everythingibiza.com\/"},{"@type":"ListItem","position":2,"name":"After Sales"}]},{"@type":"WebSite","@id":"https:\/\/www.everythingibiza.com\/#website","url":"https:\/\/www.everythingibiza.com\/","name":"tout ce qui concerne les propri\u00e9t\u00e9s d'ibiza","description":"Agent immobilier accr\u00e9dit\u00e9 et de confiance \u00e0 Ibiza depuis 1999","potentialAction":[{"@type":"SearchAction","target":{"@type":"EntryPoint","urlTemplate":"https:\/\/www.everythingibiza.com\/?s={search_term_string}"},"query-input":{"@type":"PropertyValueSpecification","valueRequired":true,"valueName":"search_term_string"}}],"inLanguage":"fr-FR"}]}},"_links":{"self":[{"href":"https:\/\/www.everythingibiza.com\/fr\/wp-json\/wp\/v2\/pages\/2570","targetHints":{"allow":["GET"]}}],"collection":[{"href":"https:\/\/www.everythingibiza.com\/fr\/wp-json\/wp\/v2\/pages"}],"about":[{"href":"https:\/\/www.everythingibiza.com\/fr\/wp-json\/wp\/v2\/types\/page"}],"author":[{"embeddable":true,"href":"https:\/\/www.everythingibiza.com\/fr\/wp-json\/wp\/v2\/users\/4"}],"replies":[{"embeddable":true,"href":"https:\/\/www.everythingibiza.com\/fr\/wp-json\/wp\/v2\/comments?post=2570"}],"version-history":[{"count":0,"href":"https:\/\/www.everythingibiza.com\/fr\/wp-json\/wp\/v2\/pages\/2570\/revisions"}],"wp:attachment":[{"href":"https:\/\/www.everythingibiza.com\/fr\/wp-json\/wp\/v2\/media?parent=2570"}],"curies":[{"name":"wp","href":"https:\/\/api.w.org\/{rel}","templated":true}]}}