{"id":58103,"date":"2026-04-23T10:18:17","date_gmt":"2026-04-23T09:18:17","guid":{"rendered":"https:\/\/everythingibiza.com\/?page_id=58103"},"modified":"2026-04-27T11:26:22","modified_gmt":"2026-04-27T10:26:22","slug":"private-listings","status":"publish","type":"page","link":"https:\/\/www.everythingibiza.com\/fr\/private-listings\/","title":{"rendered":"Listes priv\u00e9es"},"content":{"rendered":"<p><img decoding=\"async\" src=\"https:\/\/www.everythingibiza.com\/wp-content\/uploads\/2019\/08\/PANCALADHORTPUESTA-7503-copia.jpg\" alt=\"PANCALADHORTPUESTA-7503 copia\" \/><\/p>\n<h5><\/h5>\n<p><img decoding=\"async\" src=\"https:\/\/www.everythingibiza.com\/wp-content\/uploads\/2019\/08\/SES_ROQUES_2014-2624-copia.jpg\" alt=\"SES_ROQUES_2014-2624 copia\" \/><\/p>\n<h5><\/h5>\n<h2>COMMERCIAL<\/h2>\n<h2>PROPRI\u00c9T\u00c9<\/h2>\n<h2>Propri\u00e9t\u00e9 commerciale<\/h2>\n<p>Cr\u00e9er une nouvelle entreprise \u00e0 Ibiza ou poursuivre une activit\u00e9 existante est une entreprise tr\u00e8s excitante. Les locaux commerciaux et l'emplacement sont deux \u00e9l\u00e9ments cl\u00e9s de la r\u00e9ussite de toute entreprise.<\/p>\n<p>En plus de tous les types de propri\u00e9t\u00e9s r\u00e9sidentielles \u00e0 Ibiza, nous avons \u00e9galement quelques propri\u00e9t\u00e9s commerciales attrayantes \u00e0 acheter ou \u00e0 louer. Veuillez utiliser notre outil de recherche ici sur le site Web pour parcourir les locaux commerciaux.<\/p>\n<p>Il se peut que nous ne disposions pas actuellement des locaux \u00e0 Ibiza qui conviennent \u00e0 votre entreprise. Si tel est le cas, veuillez contacter l'un de nos conseillers de confiance en remplissant notre formulaire de demande.<\/p>\n<p>Pour nous permettre de vous aider rapidement et efficacement, veuillez nous en dire le plus possible sur l'emplacement que vous pr\u00e9f\u00e9rez pour votre entreprise, le type d'entreprise que vous souhaitez cr\u00e9er et si vous souhaitez acheter ou louer les locaux.<\/p>\n<h2>Contactez-nous<\/h2>\n<h2>Suivez<\/h2>\n<h2>Nous sur instagram<\/h2>\n<p>Erreur lors de la validation du jeton d&#039;acc\u00e8s\u00a0: la session a \u00e9t\u00e9 invalid\u00e9e car l&#039;utilisateur a chang\u00e9 son mot de passe ou Facebook a modifi\u00e9 la session pour des raisons de s\u00e9curit\u00e9.<\/p>","protected":false},"excerpt":{"rendered":"<p>COMMERCIAL\u200b PROPERTY Commercial Property Creating a new business in Ibiza or continuing an existing one is a very exciting venture. The business premises and the location are two key elements to the success of any business. As well as all types of residential properties in Ibiza, we also have some attractive Commercial Properties available to [&hellip;]<\/p>\n","protected":false},"author":9,"featured_media":0,"parent":0,"menu_order":0,"comment_status":"closed","ping_status":"closed","template":"","meta":{"footnotes":""},"class_list":["post-58103","page","type-page","status-publish","hentry"],"acf":[],"_links":{"self":[{"href":"https:\/\/www.everythingibiza.com\/fr\/wp-json\/wp\/v2\/pages\/58103","targetHints":{"allow":["GET"]}}],"collection":[{"href":"https:\/\/www.everythingibiza.com\/fr\/wp-json\/wp\/v2\/pages"}],"about":[{"href":"https:\/\/www.everythingibiza.com\/fr\/wp-json\/wp\/v2\/types\/page"}],"author":[{"embeddable":true,"href":"https:\/\/www.everythingibiza.com\/fr\/wp-json\/wp\/v2\/users\/9"}],"replies":[{"embeddable":true,"href":"https:\/\/www.everythingibiza.com\/fr\/wp-json\/wp\/v2\/comments?post=58103"}],"version-history":[{"count":2,"href":"https:\/\/www.everythingibiza.com\/fr\/wp-json\/wp\/v2\/pages\/58103\/revisions"}],"predecessor-version":[{"id":58566,"href":"https:\/\/www.everythingibiza.com\/fr\/wp-json\/wp\/v2\/pages\/58103\/revisions\/58566"}],"wp:attachment":[{"href":"https:\/\/www.everythingibiza.com\/fr\/wp-json\/wp\/v2\/media?parent=58103"}],"curies":[{"name":"wp","href":"https:\/\/api.w.org\/{rel}","templated":true}]}}