{"id":7123,"date":"2019-09-26T11:00:04","date_gmt":"2019-09-26T10:00:04","guid":{"rendered":"https:\/\/trend.agency\/domains\/everythingibiza.com\/\/?page_id=7123"},"modified":"2026-04-27T12:05:14","modified_gmt":"2026-04-27T11:05:14","slug":"favourites","status":"publish","type":"page","link":"https:\/\/www.everythingibiza.com\/fr\/favourites\/","title":{"rendered":"Favoris"},"content":{"rendered":"<p><img decoding=\"async\" src=\"https:\/\/everythingibiza.com\/wp-content\/uploads\/2019\/08\/SES_ROQUES_2014-2624-copia.jpg\" alt=\"SES_ROQUES_2014-2624 copia\"><br \/>\n<img decoding=\"async\" src=\"https:\/\/everythingibiza.com\/wp-content\/uploads\/2019\/08\/PANCALADHORTPUESTA-7503-copia.jpg\" alt=\"PANCALADHORTPUESTA-7503 copia\"><\/p>\n<h2>Your<\/h2>\n<h2>Favourites<br \/><\/h2>\n<h3 style=\"text-align: center;\">[user_favorites]<\/h3>\n","protected":false},"excerpt":{"rendered":"<p>Your Favourites [user_favorites]<\/p>\n","protected":false},"author":4,"featured_media":0,"parent":0,"menu_order":0,"comment_status":"closed","ping_status":"closed","template":"","meta":{"footnotes":""},"class_list":["post-7123","page","type-page","status-publish","hentry"],"acf":[],"yoast_head":"<!-- This site is optimized with the Yoast SEO plugin v27.5 - https:\/\/yoast.com\/product\/yoast-seo-wordpress\/ -->\n<title>Favourites - everything ibiza Properties<\/title>\n<meta name=\"robots\" content=\"index, follow, max-snippet:-1, max-image-preview:large, max-video-preview:-1\" \/>\n<link rel=\"canonical\" href=\"https:\/\/www.everythingibiza.com\/fr\/favourites\/\" \/>\n<meta property=\"og:locale\" content=\"fr_FR\" \/>\n<meta property=\"og:type\" content=\"article\" \/>\n<meta property=\"og:title\" content=\"Favourites - everything ibiza Properties\" \/>\n<meta property=\"og:description\" content=\"Your Favourites [user_favorites]\" \/>\n<meta property=\"og:url\" content=\"https:\/\/www.everythingibiza.com\/fr\/favourites\/\" \/>\n<meta property=\"og:site_name\" content=\"everything ibiza Properties\" \/>\n<meta property=\"article:modified_time\" content=\"2026-04-27T11:05:14+00:00\" \/>\n<meta property=\"og:image\" content=\"https:\/\/everythingibiza.com\/wp-content\/uploads\/2019\/08\/SES_ROQUES_2014-2624-copia.jpg\" \/>\n<meta name=\"twitter:card\" content=\"summary_large_image\" \/>\n<script type=\"application\/ld+json\" class=\"yoast-schema-graph\">{\"@context\":\"https:\\\/\\\/schema.org\",\"@graph\":[{\"@type\":\"WebPage\",\"@id\":\"https:\\\/\\\/www.everythingibiza.com\\\/favourites\\\/\",\"url\":\"https:\\\/\\\/www.everythingibiza.com\\\/favourites\\\/\",\"name\":\"Favourites - everything ibiza Properties\",\"isPartOf\":{\"@id\":\"https:\\\/\\\/www.everythingibiza.com\\\/#website\"},\"primaryImageOfPage\":{\"@id\":\"https:\\\/\\\/www.everythingibiza.com\\\/favourites\\\/#primaryimage\"},\"image\":{\"@id\":\"https:\\\/\\\/www.everythingibiza.com\\\/favourites\\\/#primaryimage\"},\"thumbnailUrl\":\"https:\\\/\\\/everythingibiza.com\\\/wp-content\\\/uploads\\\/2019\\\/08\\\/SES_ROQUES_2014-2624-copia.jpg\",\"datePublished\":\"2019-09-26T10:00:04+00:00\",\"dateModified\":\"2026-04-27T11:05:14+00:00\",\"breadcrumb\":{\"@id\":\"https:\\\/\\\/www.everythingibiza.com\\\/favourites\\\/#breadcrumb\"},\"inLanguage\":\"fr-FR\",\"potentialAction\":[{\"@type\":\"ReadAction\",\"target\":[\"https:\\\/\\\/www.everythingibiza.com\\\/favourites\\\/\"]}]},{\"@type\":\"ImageObject\",\"inLanguage\":\"fr-FR\",\"@id\":\"https:\\\/\\\/www.everythingibiza.com\\\/favourites\\\/#primaryimage\",\"url\":\"https:\\\/\\\/everythingibiza.com\\\/wp-content\\\/uploads\\\/2019\\\/08\\\/SES_ROQUES_2014-2624-copia.jpg\",\"contentUrl\":\"https:\\\/\\\/everythingibiza.com\\\/wp-content\\\/uploads\\\/2019\\\/08\\\/SES_ROQUES_2014-2624-copia.jpg\"},{\"@type\":\"BreadcrumbList\",\"@id\":\"https:\\\/\\\/www.everythingibiza.com\\\/favourites\\\/#breadcrumb\",\"itemListElement\":[{\"@type\":\"ListItem\",\"position\":1,\"name\":\"Home\",\"item\":\"https:\\\/\\\/www.everythingibiza.com\\\/\"},{\"@type\":\"ListItem\",\"position\":2,\"name\":\"Favourites\"}]},{\"@type\":\"WebSite\",\"@id\":\"https:\\\/\\\/www.everythingibiza.com\\\/#website\",\"url\":\"https:\\\/\\\/www.everythingibiza.com\\\/\",\"name\":\"everything ibiza Properties\",\"description\":\"Accredited &amp; Trusted Real Estate Agent in Ibiza Since 1999\",\"potentialAction\":[{\"@type\":\"SearchAction\",\"target\":{\"@type\":\"EntryPoint\",\"urlTemplate\":\"https:\\\/\\\/www.everythingibiza.com\\\/?s={search_term_string}\"},\"query-input\":{\"@type\":\"PropertyValueSpecification\",\"valueRequired\":true,\"valueName\":\"search_term_string\"}}],\"inLanguage\":\"fr-FR\"}]}<\/script>\n<!-- \/ Yoast SEO plugin. -->","yoast_head_json":{"title":"Favourites - everything ibiza Properties","robots":{"index":"index","follow":"follow","max-snippet":"max-snippet:-1","max-image-preview":"max-image-preview:large","max-video-preview":"max-video-preview:-1"},"canonical":"https:\/\/www.everythingibiza.com\/fr\/favourites\/","og_locale":"fr_FR","og_type":"article","og_title":"Favourites - everything ibiza Properties","og_description":"Your Favourites [user_favorites]","og_url":"https:\/\/www.everythingibiza.com\/fr\/favourites\/","og_site_name":"everything ibiza Properties","article_modified_time":"2026-04-27T11:05:14+00:00","og_image":[{"url":"https:\/\/everythingibiza.com\/wp-content\/uploads\/2019\/08\/SES_ROQUES_2014-2624-copia.jpg","type":"","width":"","height":""}],"twitter_card":"summary_large_image","schema":{"@context":"https:\/\/schema.org","@graph":[{"@type":"WebPage","@id":"https:\/\/www.everythingibiza.com\/favourites\/","url":"https:\/\/www.everythingibiza.com\/favourites\/","name":"Favourites - everything ibiza Properties","isPartOf":{"@id":"https:\/\/www.everythingibiza.com\/#website"},"primaryImageOfPage":{"@id":"https:\/\/www.everythingibiza.com\/favourites\/#primaryimage"},"image":{"@id":"https:\/\/www.everythingibiza.com\/favourites\/#primaryimage"},"thumbnailUrl":"https:\/\/everythingibiza.com\/wp-content\/uploads\/2019\/08\/SES_ROQUES_2014-2624-copia.jpg","datePublished":"2019-09-26T10:00:04+00:00","dateModified":"2026-04-27T11:05:14+00:00","breadcrumb":{"@id":"https:\/\/www.everythingibiza.com\/favourites\/#breadcrumb"},"inLanguage":"fr-FR","potentialAction":[{"@type":"ReadAction","target":["https:\/\/www.everythingibiza.com\/favourites\/"]}]},{"@type":"ImageObject","inLanguage":"fr-FR","@id":"https:\/\/www.everythingibiza.com\/favourites\/#primaryimage","url":"https:\/\/everythingibiza.com\/wp-content\/uploads\/2019\/08\/SES_ROQUES_2014-2624-copia.jpg","contentUrl":"https:\/\/everythingibiza.com\/wp-content\/uploads\/2019\/08\/SES_ROQUES_2014-2624-copia.jpg"},{"@type":"BreadcrumbList","@id":"https:\/\/www.everythingibiza.com\/favourites\/#breadcrumb","itemListElement":[{"@type":"ListItem","position":1,"name":"Home","item":"https:\/\/www.everythingibiza.com\/"},{"@type":"ListItem","position":2,"name":"Favourites"}]},{"@type":"WebSite","@id":"https:\/\/www.everythingibiza.com\/#website","url":"https:\/\/www.everythingibiza.com\/","name":"tout ce qui concerne les propri\u00e9t\u00e9s d'ibiza","description":"Agent immobilier accr\u00e9dit\u00e9 et de confiance \u00e0 Ibiza depuis 1999","potentialAction":[{"@type":"SearchAction","target":{"@type":"EntryPoint","urlTemplate":"https:\/\/www.everythingibiza.com\/?s={search_term_string}"},"query-input":{"@type":"PropertyValueSpecification","valueRequired":true,"valueName":"search_term_string"}}],"inLanguage":"fr-FR"}]}},"_links":{"self":[{"href":"https:\/\/www.everythingibiza.com\/fr\/wp-json\/wp\/v2\/pages\/7123","targetHints":{"allow":["GET"]}}],"collection":[{"href":"https:\/\/www.everythingibiza.com\/fr\/wp-json\/wp\/v2\/pages"}],"about":[{"href":"https:\/\/www.everythingibiza.com\/fr\/wp-json\/wp\/v2\/types\/page"}],"author":[{"embeddable":true,"href":"https:\/\/www.everythingibiza.com\/fr\/wp-json\/wp\/v2\/users\/4"}],"replies":[{"embeddable":true,"href":"https:\/\/www.everythingibiza.com\/fr\/wp-json\/wp\/v2\/comments?post=7123"}],"version-history":[{"count":0,"href":"https:\/\/www.everythingibiza.com\/fr\/wp-json\/wp\/v2\/pages\/7123\/revisions"}],"wp:attachment":[{"href":"https:\/\/www.everythingibiza.com\/fr\/wp-json\/wp\/v2\/media?parent=7123"}],"curies":[{"name":"wp","href":"https:\/\/api.w.org\/{rel}","templated":true}]}}